{"id":1017,"date":"2022-10-20T14:06:32","date_gmt":"2022-10-20T12:06:32","guid":{"rendered":"http:\/\/khamenei.de\/wordpress\/?page_id=1017"},"modified":"2024-01-31T17:17:10","modified_gmt":"2024-01-31T16:17:10","slug":"buergerschaft","status":"publish","type":"page","link":"http:\/\/www.ahl-ul-bait.de\/imam-chamenei\/rechtsfragen\/buergerschaft\/","title":{"rendered":"B\u00fcrgerschaft"},"content":{"rendered":"<p align=\"JUSTIFY\"><span style=\"font-size: 14pt; font-family: georgia, palatino;\"><b>F. 611:<\/b> <i>Ist es f\u00fcr denjenigen, der kein Guthaben auf der Bank hat, erlaubt, einen Scheck als Dokument als B\u00fcrgschaft f\u00fcr eine andere Person zu unterschreiben?<\/i><\/span><\/p>\n<p align=\"JUSTIFY\"><span style=\"font-size: 14pt; font-family: georgia, palatino;\">A: Es gibt kein Hindernis dazu, und der Ursprung der B\u00fcrgschaft und das \u00dcbergeben des Schecks als Dokument sind nicht von der Existenz eines Guthabens auf seinem Girokonto bei der Vereinbarung der B\u00fcrgschaft und der \u00dcbergabe des Schecks abh\u00e4ngig.<\/span><\/p>\n<p align=\"JUSTIFY\"><span style=\"font-size: 14pt; font-family: georgia, palatino;\"><b>F. 612:<\/b> <i>Jemand schuldet mir (etwas), und er hat es hinausgez\u00f6gert, und einer von seinen Verwandten hat mir einen termingebundenen Scheck gegeben \u00fcber den Betrag der Schuld mit der Bedingung, ihm Zeit zu geben, so dass er f\u00fcr die Schulden bei mir geb\u00fcrgt hat, falls der Schuldner diese (Schulden) bis zum Stichtag des Schecks nicht zahlt. Und der Schuldner ist sp\u00e4ter gefl\u00fcchtet und verschwunden. Und ich habe jetzt kein Mittel, zu ihm (zu gelangen). Ist es mir dann religionsrechtlich erlaubt, die ganze Schuld von dem B\u00fcrgen zu nehmen?<\/i><\/span><\/p>\n<p><span style=\"font-size: 14pt; font-family: georgia, palatino;\">A: Falls er f\u00fcr Sie auf die religionsrechtlich g\u00fcltige Weise garantiert hat, die Schuld zu zahlen, wenn der Schuldner nicht bis zum bestimmten Stichtag zahlt, dann ist es Ihnen erlaubt, nach Eintritt des Stichtages \u00fcber ihn Ihre Schulden einzufordern und diese von ihm vollst\u00e4ndig zu nehmen.<\/span><\/p>\n","protected":false},"excerpt":{"rendered":"<p>F. 611: Ist es f\u00fcr denjenigen, der kein Guthaben auf der Bank hat, erlaubt, einen Scheck als Dokument als B\u00fcrgschaft<\/p>\n","protected":false},"author":1,"featured_media":0,"parent":549,"menu_order":0,"comment_status":"closed","ping_status":"closed","template":"","meta":{"colormag_page_container_layout":"default_layout","colormag_page_sidebar_layout":"default_layout","footnotes":""},"class_list":["post-1017","page","type-page","status-publish","hentry"],"_links":{"self":[{"href":"http:\/\/www.ahl-ul-bait.de\/imam-chamenei\/wp-json\/wp\/v2\/pages\/1017","targetHints":{"allow":["GET"]}}],"collection":[{"href":"http:\/\/www.ahl-ul-bait.de\/imam-chamenei\/wp-json\/wp\/v2\/pages"}],"about":[{"href":"http:\/\/www.ahl-ul-bait.de\/imam-chamenei\/wp-json\/wp\/v2\/types\/page"}],"author":[{"embeddable":true,"href":"http:\/\/www.ahl-ul-bait.de\/imam-chamenei\/wp-json\/wp\/v2\/users\/1"}],"replies":[{"embeddable":true,"href":"http:\/\/www.ahl-ul-bait.de\/imam-chamenei\/wp-json\/wp\/v2\/comments?post=1017"}],"version-history":[{"count":1,"href":"http:\/\/www.ahl-ul-bait.de\/imam-chamenei\/wp-json\/wp\/v2\/pages\/1017\/revisions"}],"predecessor-version":[{"id":1018,"href":"http:\/\/www.ahl-ul-bait.de\/imam-chamenei\/wp-json\/wp\/v2\/pages\/1017\/revisions\/1018"}],"up":[{"embeddable":true,"href":"http:\/\/www.ahl-ul-bait.de\/imam-chamenei\/wp-json\/wp\/v2\/pages\/549"}],"wp:attachment":[{"href":"http:\/\/www.ahl-ul-bait.de\/imam-chamenei\/wp-json\/wp\/v2\/media?parent=1017"}],"curies":[{"name":"wp","href":"https:\/\/api.w.org\/{rel}","templated":true}]}}