{"id":1034,"date":"2022-10-20T14:11:19","date_gmt":"2022-10-20T12:11:19","guid":{"rendered":"http:\/\/khamenei.de\/wordpress\/?page_id=1034"},"modified":"2022-10-20T14:11:20","modified_gmt":"2022-10-20T12:11:20","slug":"schuldschein","status":"publish","type":"page","link":"http:\/\/www.ahl-ul-bait.de\/imam-chamenei\/schuldschein\/","title":{"rendered":"Schuldschein"},"content":{"rendered":"<p align=\"JUSTIFY\"><span style=\"font-size: 14pt; font-family: georgia, palatino;\"><b>F. 748:<\/b> <i>Jemand hat ein (St\u00fcck) Land zu einem bestimmten Betrag gekauft, und ein Dritter schuldete ihm (so viel), wie den Betrag des Kaufpreises. Dann hat er den Verk\u00e4ufer an den Verschuldeten verwiesen zum Erhalt des Preises von ihm, aber diese dritte verschuldete Person, an die verwiesen wurde, hat durch das Zahlen des Preises an den Verk\u00e4ufer das (St\u00fcck) Land von ihm f\u00fcr sich selbst gekauft, von dem, was er ihm an Betrag des Schuldscheins bezahlt hat, ohne die Kenntnis des K\u00e4ufers. Ist dann der erste Verkauf, bei dem der Verk\u00e4ufer mit \u00dcbertragung des Preises an den Dritten einverstanden war, g\u00fcltig, oder der zweite Verkauf?<\/i><\/span><\/p>\n<p align=\"JUSTIFY\"><span style=\"font-size: 14pt; font-family: georgia, palatino;\">A: Der zweite Verkauf ist unrechtm\u00e4\u00dfig und von der Erlaubnis des ersten Verk\u00e4ufers abh\u00e4ngig, au\u00dfer er findet (erst) nach der rechtm\u00e4\u00dfigen K\u00fcndigung des ersten Verkaufs statt.<\/span><\/p>\n","protected":false},"excerpt":{"rendered":"<p>F. 748: Jemand hat ein (St\u00fcck) Land zu einem bestimmten Betrag gekauft, und ein Dritter schuldete ihm (so viel), wie<\/p>\n","protected":false},"author":1,"featured_media":0,"parent":0,"menu_order":0,"comment_status":"closed","ping_status":"closed","template":"","meta":{"colormag_page_container_layout":"default_layout","colormag_page_sidebar_layout":"default_layout","footnotes":""},"class_list":["post-1034","page","type-page","status-publish","hentry"],"_links":{"self":[{"href":"http:\/\/www.ahl-ul-bait.de\/imam-chamenei\/wp-json\/wp\/v2\/pages\/1034","targetHints":{"allow":["GET"]}}],"collection":[{"href":"http:\/\/www.ahl-ul-bait.de\/imam-chamenei\/wp-json\/wp\/v2\/pages"}],"about":[{"href":"http:\/\/www.ahl-ul-bait.de\/imam-chamenei\/wp-json\/wp\/v2\/types\/page"}],"author":[{"embeddable":true,"href":"http:\/\/www.ahl-ul-bait.de\/imam-chamenei\/wp-json\/wp\/v2\/users\/1"}],"replies":[{"embeddable":true,"href":"http:\/\/www.ahl-ul-bait.de\/imam-chamenei\/wp-json\/wp\/v2\/comments?post=1034"}],"version-history":[{"count":1,"href":"http:\/\/www.ahl-ul-bait.de\/imam-chamenei\/wp-json\/wp\/v2\/pages\/1034\/revisions"}],"predecessor-version":[{"id":1035,"href":"http:\/\/www.ahl-ul-bait.de\/imam-chamenei\/wp-json\/wp\/v2\/pages\/1034\/revisions\/1035"}],"wp:attachment":[{"href":"http:\/\/www.ahl-ul-bait.de\/imam-chamenei\/wp-json\/wp\/v2\/media?parent=1034"}],"curies":[{"name":"wp","href":"https:\/\/api.w.org\/{rel}","templated":true}]}}