{"id":1036,"date":"2022-10-20T14:11:58","date_gmt":"2022-10-20T12:11:58","guid":{"rendered":"http:\/\/khamenei.de\/wordpress\/?page_id=1036"},"modified":"2024-01-31T17:15:03","modified_gmt":"2024-01-31T16:15:03","slug":"almosen-sadaqah","status":"publish","type":"page","link":"http:\/\/www.ahl-ul-bait.de\/imam-chamenei\/rechtsfragen\/almosen-sadaqah\/","title":{"rendered":"Almosen [sadaqah]"},"content":{"rendered":"<p align=\"JUSTIFY\"><span style=\"font-size: 14pt; font-family: georgia, palatino;\"><b>F. 749:<\/b> <i>Das Hilfskomitee, das als das Spendenkomitee von Imam Khomeini &#8211; q. &#8211; bekannt ist, l\u00e4sst K\u00e4sten an den H\u00e4usern, Strassen allgemeinen Pl\u00e4tzen, St\u00e4dten und D\u00f6rfern, um Almosen und Spenden zu sammeln, um diese an die rechtm\u00e4\u00dfigen Armen zu \u00fcberreichen. Ist es dann f\u00fcr dieses (Komitee) erlaubt, einen prozentualen Anteil der Gelder dieser K\u00e4sten an die Bediensteten in diesem Komitee als Schenkung an sie zu zahlen, zus\u00e4tzlich zu dem, was sie an Gehalt und Privilegien vom Komitee haben? Und ist es erlaubt, etwas von diesen Geldern an diejenigen zu zahlen, die beim Sammeln der Inhalte dieser K\u00e4sten helfen unter denjenigen, die nicht Angestellte dieses Komitees sind?<\/i><\/span><\/p>\n<p align=\"JUSTIFY\"><span style=\"font-size: 14pt; font-family: georgia, palatino;\">A: Es ist bedenklich, etwas von den Geldern der K\u00e4sten f\u00fcr Almosen an die Bediensteten und Angestellten des Komitees als Schenkung f\u00fcr sie zu zahlen, zus\u00e4tzlich zu ihrem monatlichen Lohn vom Komitee. Und dieses ist sogar nicht erlaubt, wenn das Einverst\u00e4ndnis der Besitzer der Gelder diesbez\u00fcglich nicht festgestellt wird. Aber was davon denjenigen bezahlt wird, die helfen, die Inhalte der K\u00e4sten zu sammeln, ist als Lohn f\u00fcr eine gleichwertige Handlung zul\u00e4ssig bei Bedarf ihrer Hilfe zum Sammeln und \u00dcberreichen der Almosen an die rechtm\u00e4\u00dfigen (Empf\u00e4nger), insbesondere, falls der scheinbaren Stand das Einverst\u00e4ndnis der Besitzer der Gelder diesbez\u00fcglich best\u00e4tigt.<\/span><\/p>\n<p align=\"JUSTIFY\"><span style=\"font-size: 14pt; font-family: georgia, palatino;\"><b>F. 750:<\/b> <i>Ist es erlaubt, Almosen an die Bettler zu zahlen, die an die T\u00fcren klopfen, oder an Bettler, die auf der Stra\u00dfe sitzen, oder ist es vorzuziehen, diese an die Waisen und Bed\u00fcrftigen zu zahlen oder diese den Hilfskomitees zur Verf\u00fcgung zu stellen, indem man es in die Almosenk\u00e4sten wirft?<\/i><\/span><\/p>\n<p align=\"JUSTIFY\"><span style=\"font-size: 14pt; font-family: georgia, palatino;\">A: Es ist zul\u00e4ssig, empfohlene Almosen an denjenigen zu geben, an den der Spender (es geben) m\u00f6chte, obwohl es vorzuziehen ist, diese an zur\u00fcckhaltende religi\u00f6se Arme zu geben. Und es ist zul\u00e4ssig, diese (Almosen) den Hilfskomitees zur Verf\u00fcgung zu stellen, auch wenn mittels Einwurf dessen in den Almosenkasten, aber f\u00fcr Pflichtalmosen ist es unabdingbar, diese direkt oder mittels eines Vertreters an den rechtm\u00e4\u00dfigen Armen zu geben. Und es gibt kein Hindernis dazu, (auch) diese in den Almosenkasten einzuwerfen, falls bekannt ist, dass die Zust\u00e4ndigen f\u00fcr die T\u00e4tigkeiten des Hilfskomitees diese sammeln und rechtm\u00e4\u00dfigen Armen auszahlen.<\/span><\/p>\n<p align=\"JUSTIFY\"><span style=\"font-size: 14pt; font-family: georgia, palatino;\"><b>F. 751:<\/b> <i>Was ist die Verpflichtung eines Menschen gegen\u00fcber den Stra\u00dfenbettlern, die ihr Leben mit Betteln verbringen und dem Bild der islamischen Gesellschaft schaden, insbesondere, nachdem die Regierung sie gesammelt hat? Und ist es erlaubt, ihnen zu helfen?<\/i><\/span><\/p>\n<p align=\"JUSTIFY\"><span style=\"font-size: 14pt; font-family: georgia, palatino;\">A: Es gibt kein Hindernis dazu, Bettlern zu helfen, sofern daraus kein \u00dcbel entsteht, und in jedem Fall ist das Einreichen von Almosen an zur\u00fcckhaltende religi\u00f6se Arme vorzuziehen.<\/span><\/p>\n<p align=\"JUSTIFY\"><span style=\"font-size: 14pt; font-family: georgia, palatino;\"><b>F. 752:<\/b> <i>Ich bin Diener der Moschee, und w\u00e4hrend des Monats Ramadan wird die Arbeit darin mehr, und deshalb geben mir einige G\u00fctige einen Geldbetrag als Hilfe f\u00fcr mich. Ist es dann f\u00fcr mich erlaubt, dieses anzunehmen?<\/i><\/span><\/p>\n<p align=\"JUSTIFY\"><span style=\"font-size: 14pt; font-family: georgia, palatino;\">A: Was sie Ihnen von sich aus an Geld geben als Gabe, ist f\u00fcr Sie erlaubt, und es ist zul\u00e4ssig, es zu akzeptieren und dieses von ihnen anzunehmen.<\/span><\/p>\n","protected":false},"excerpt":{"rendered":"<p>F. 749: Das Hilfskomitee, das als das Spendenkomitee von Imam Khomeini &#8211; q. &#8211; bekannt ist, l\u00e4sst K\u00e4sten an den<\/p>\n","protected":false},"author":1,"featured_media":0,"parent":549,"menu_order":0,"comment_status":"closed","ping_status":"closed","template":"","meta":{"colormag_page_container_layout":"default_layout","colormag_page_sidebar_layout":"default_layout","footnotes":""},"class_list":["post-1036","page","type-page","status-publish","hentry"],"_links":{"self":[{"href":"http:\/\/www.ahl-ul-bait.de\/imam-chamenei\/wp-json\/wp\/v2\/pages\/1036","targetHints":{"allow":["GET"]}}],"collection":[{"href":"http:\/\/www.ahl-ul-bait.de\/imam-chamenei\/wp-json\/wp\/v2\/pages"}],"about":[{"href":"http:\/\/www.ahl-ul-bait.de\/imam-chamenei\/wp-json\/wp\/v2\/types\/page"}],"author":[{"embeddable":true,"href":"http:\/\/www.ahl-ul-bait.de\/imam-chamenei\/wp-json\/wp\/v2\/users\/1"}],"replies":[{"embeddable":true,"href":"http:\/\/www.ahl-ul-bait.de\/imam-chamenei\/wp-json\/wp\/v2\/comments?post=1036"}],"version-history":[{"count":1,"href":"http:\/\/www.ahl-ul-bait.de\/imam-chamenei\/wp-json\/wp\/v2\/pages\/1036\/revisions"}],"predecessor-version":[{"id":1037,"href":"http:\/\/www.ahl-ul-bait.de\/imam-chamenei\/wp-json\/wp\/v2\/pages\/1036\/revisions\/1037"}],"up":[{"embeddable":true,"href":"http:\/\/www.ahl-ul-bait.de\/imam-chamenei\/wp-json\/wp\/v2\/pages\/549"}],"wp:attachment":[{"href":"http:\/\/www.ahl-ul-bait.de\/imam-chamenei\/wp-json\/wp\/v2\/media?parent=1036"}],"curies":[{"name":"wp","href":"https:\/\/api.w.org\/{rel}","templated":true}]}}