{"id":1038,"date":"2022-10-20T14:12:39","date_gmt":"2022-10-20T12:12:39","guid":{"rendered":"http:\/\/khamenei.de\/wordpress\/?page_id=1038"},"modified":"2024-01-31T17:19:32","modified_gmt":"2024-01-31T16:19:32","slug":"geliehenes-und-anvertrautes","status":"publish","type":"page","link":"http:\/\/www.ahl-ul-bait.de\/imam-chamenei\/rechtsfragen\/geliehenes-und-anvertrautes\/","title":{"rendered":"Geliehenes und Anvertrautes"},"content":{"rendered":"<p align=\"JUSTIFY\"><span style=\"font-size: 14pt; font-family: georgia, palatino;\"><b>F. 753:<\/b> <i>Ein ganzer Betrieb verbrannte mit all dessen Inhalt an Maschinen und Rohstoffen zus\u00e4tzlich zu einer Menge an G\u00fctern und Waren, die darin als Anvertrautes von einigen Personen deponiert waren. Obliegt dann dem Besitzer des Betriebes oder dem Zust\u00e4ndigen f\u00fcr dessen Angelegenheiten, diese f\u00fcr deren Besitzer zu ersetzen?<\/i><\/span><\/p>\n<p align=\"JUSTIFY\"><span style=\"font-size: 14pt; font-family: georgia, palatino;\">A: Wenn der Brand nicht auf die Handlung von jemanden zur\u00fcckzuf\u00fchren ist und es keine Nachl\u00e4ssigkeit beim Bewahren der deponierten Waren im Betrieb gab, dann obliegt der Ersatz dessen f\u00fcr ihre Besitzer niemandem.<\/span><\/p>\n<p align=\"JUSTIFY\"><span style=\"font-size: 14pt; font-family: georgia, palatino;\"><b>F. 754:<\/b> <i>Ein Mann hat das Schriftst\u00fcck seines Testaments einer Person anvertraut, um dieses nach seinem Ableben an seinen \u00e4ltesten Sohn zu geben, aber diese Person hat sich geweigert, ihm dieses (Testament) zu \u00fcberreichen. Ist dann diese Handlung als Verrat ihrerseits f\u00fcr das Anvertraute zu betrachten?<\/i><\/span><\/p>\n<p align=\"JUSTIFY\"><span style=\"font-size: 14pt; font-family: georgia, palatino;\">A: Sich zu weigern, das Anvertraute an denjenigen zur\u00fcckzugeben, den der Anvertrauende bestimmt hat, ist als eine Art von Verrat zu betrachten.<\/span><\/p>\n<p align=\"JUSTIFY\"><span style=\"font-size: 14pt; font-family: georgia, palatino;\"><b>F. 755:<\/b> <i>Ich habe von der Kaserne w\u00e4hrend meines Milit\u00e4rdienstes einige M\u00f6bel und Bedarfsg\u00fcter f\u00fcr meinen pers\u00f6nlichen Nutzen erhalten. Aber ich habe es nach Beendigung meines Dienstes nicht zur\u00fcckgegeben. Was ist meine Verpflichtung bez\u00fcglich dieser Angelegenheit jetzt? Und gen\u00fcgt die R\u00fcckgabe des Preises dieser Dinge an die Generalkasse der Zentralbank?<\/i><\/span><\/p>\n<p align=\"JUSTIFY\"><span style=\"font-size: 14pt; font-family: georgia, palatino;\">A: Falls diese Dinge, die Sie von der Kaserne erhalten haben, von Ihnen ausgeliehen waren, dann sind Sie verpflichtet, diese als solche an die Dienstzentrale zur\u00fcckzugeben, falls sie (noch) vorhanden sind, oder \u00c4hnliches oder dessen Wert, falls es vernichtet ist, wegen Ihrer \u00dcberschreitung und Nachl\u00e4ssigkeit bei ihrer Bewahrung, selbst wenn wegen der Versp\u00e4tung von deren R\u00fcckgabe. Sonst obliegt Ihnen dabei nichts.<\/span><\/p>\n<p align=\"JUSTIFY\"><span style=\"font-size: 14pt; font-family: georgia, palatino;\"><b>F. 756:<\/b> <i>Es wurde an eine vertrauensw\u00fcrdige Person ein Geldbetrag bezahlt, um es in ein anderes Land zu schaffen, aber dieses Geld wurde ihr unterwegs gestohlen. Obliegt ihr dann der Ersatz diesen Geldes?<\/i><\/span><\/p>\n<p align=\"JUSTIFY\"><span style=\"font-size: 14pt; font-family: georgia, palatino;\">A: Dem Vertrauensw\u00fcrdigen obliegt kein Ersatz, solange die \u00dcberschreitung und Nachl\u00e4ssigkeit bei der Bewahrung von diesem (Geld) nicht feststehen.<\/span><\/p>\n<p align=\"JUSTIFY\"><span style=\"font-size: 14pt; font-family: georgia, palatino;\"><b>F. 757:<\/b> <i>Ich habe vom Betreuer der Moschee einen Betrag an Spenden der Einwohner erhalten, um diese f\u00fcr den Bau und die Renovierung auszugeben, und um damit die notwendigen Materialien f\u00fcr den Bau zu kaufen, wie Eisen und Anderes, aber ich habe das Geld unterwegs verloren (zusammen) mit den \u00fcbrigen pers\u00f6nlichen Dingen. Was ist dann meine Verpflichtung?<\/i><\/span><\/p>\n<p align=\"JUSTIFY\"><span style=\"font-size: 14pt; font-family: georgia, palatino;\">A: Es gibt kein Ersatz durch den Ehrlichen, solange seine \u00dcberschreitung und Nachl\u00e4ssigkeit bei der Bewahrung des Anvertrauten nicht feststehen.<\/span><\/p>\n","protected":false},"excerpt":{"rendered":"<p>F. 753: Ein ganzer Betrieb verbrannte mit all dessen Inhalt an Maschinen und Rohstoffen zus\u00e4tzlich zu einer Menge an G\u00fctern<\/p>\n","protected":false},"author":1,"featured_media":0,"parent":549,"menu_order":0,"comment_status":"closed","ping_status":"closed","template":"","meta":{"colormag_page_container_layout":"default_layout","colormag_page_sidebar_layout":"default_layout","footnotes":""},"class_list":["post-1038","page","type-page","status-publish","hentry"],"_links":{"self":[{"href":"http:\/\/www.ahl-ul-bait.de\/imam-chamenei\/wp-json\/wp\/v2\/pages\/1038","targetHints":{"allow":["GET"]}}],"collection":[{"href":"http:\/\/www.ahl-ul-bait.de\/imam-chamenei\/wp-json\/wp\/v2\/pages"}],"about":[{"href":"http:\/\/www.ahl-ul-bait.de\/imam-chamenei\/wp-json\/wp\/v2\/types\/page"}],"author":[{"embeddable":true,"href":"http:\/\/www.ahl-ul-bait.de\/imam-chamenei\/wp-json\/wp\/v2\/users\/1"}],"replies":[{"embeddable":true,"href":"http:\/\/www.ahl-ul-bait.de\/imam-chamenei\/wp-json\/wp\/v2\/comments?post=1038"}],"version-history":[{"count":1,"href":"http:\/\/www.ahl-ul-bait.de\/imam-chamenei\/wp-json\/wp\/v2\/pages\/1038\/revisions"}],"predecessor-version":[{"id":1039,"href":"http:\/\/www.ahl-ul-bait.de\/imam-chamenei\/wp-json\/wp\/v2\/pages\/1038\/revisions\/1039"}],"up":[{"embeddable":true,"href":"http:\/\/www.ahl-ul-bait.de\/imam-chamenei\/wp-json\/wp\/v2\/pages\/549"}],"wp:attachment":[{"href":"http:\/\/www.ahl-ul-bait.de\/imam-chamenei\/wp-json\/wp\/v2\/media?parent=1038"}],"curies":[{"name":"wp","href":"https:\/\/api.w.org\/{rel}","templated":true}]}}