{"id":1060,"date":"2022-10-20T14:19:21","date_gmt":"2022-10-20T12:19:21","guid":{"rendered":"http:\/\/khamenei.de\/wordpress\/?page_id=1060"},"modified":"2022-10-20T14:19:22","modified_gmt":"2022-10-20T12:19:22","slug":"steuern-und-gebuehren","status":"publish","type":"page","link":"http:\/\/www.ahl-ul-bait.de\/imam-chamenei\/steuern-und-gebuehren\/","title":{"rendered":"Steuern und Geb\u00fchren"},"content":{"rendered":"<p align=\"JUSTIFY\"><span style=\"font-size: 14pt; font-family: georgia, palatino;\"><b>F. 920:<\/b> <i>Einige Personen, Unternehmen und Volks- und Regierungsgesellschaften verheimlichen einige Wahrheiten mit verschiedenen Methoden, um die Zahlung von Steuern oder Anderem, worauf der Staat ein Anrecht an Geb\u00fchren hat, zu unterschlagen. Ist dann diese Handlung f\u00fcr sie erlaubt?<\/i><\/span><\/p>\n<p align=\"JUSTIFY\"><span style=\"font-size: 14pt; font-family: georgia, palatino;\">A: F\u00fcr niemanden ist es erlaubt, sich zu weigern, die Vorschriften der Regierung der Islamischen Republik (Iran) durchzuf\u00fchren und die Geb\u00fchren, Steuern und sonstige gesetzlichen Rechte des Islamischen Staates zu zahlen.<\/span><\/p>\n<p align=\"JUSTIFY\"><span style=\"font-size: 14pt; font-family: georgia, palatino;\"><b>F. 921:<\/b> <i>Jemand bestreitet seinen Unterhalt durch einen Spekulationsvertrag mit einer Bank und zahlt einen Teil der erzielten Gewinne an die Bank gem\u00e4\u00df dem Vertrag. Ist es dann f\u00fcr die Finanzbeh\u00f6rde erlaubt, von ihm auch die Zahlung der Steuern des Anteils der Gewinne der Bank einzufordern, zus\u00e4tzlich zu der Steuer seines (eigenen) Anteils?<\/i><\/span><\/p>\n<p align=\"JUSTIFY\"><span style=\"font-size: 14pt; font-family: georgia, palatino;\">A: Diese (Regelung) folgt den Gesetzen und den Vorschriften der Einkommensteuer, so dass, falls der Steuerpflichtige gesetzlich verpflichtet ist, nur die Steuer seines Privatanteiles zu zahlen, er dann f\u00fcr die Steuern, die am Anteil des Partners h\u00e4ngen, nicht einzustehen hat.<\/span><\/p>\n<p align=\"JUSTIFY\"><span style=\"font-size: 14pt; font-family: georgia, palatino;\"><b>F. 922:<\/b> <i>Ich habe ein Haus von einem Mann gekauft, so dass wir die Steuer, auf die der Staat ein Recht hat, f\u00fcr den Verkauf des Hauses zu gleichen Anteilen bezahlen. Und der Verk\u00e4ufer hat von mir gefordert, dass ich f\u00fcr den Verantwortlichen der Steuer einen Wert (des Hauses) erw\u00e4hne, der niedriger als der (eigentliche) Preis ist, den ich an ihn bezahlt habe, um Steuern zu zahlen, die geringer als gesetzlich der vorgeschriebene Betrag sind. Habe dann ich den Unterschied der Steuer zwischen dem (tats\u00e4chlichen) Preis des Hauses und dem Wert, den ich dem Verantwortlichen der Steuer angegeben habe, zu zahlen?<\/i><\/span><\/p>\n<p align=\"JUSTIFY\"><span style=\"font-size: 14pt; font-family: georgia, palatino;\">A: Sie sind verpflichtet, den Rest Ihres Anteils der Steuer, der mit dem tats\u00e4chlichen Preis des Hauses zusammenh\u00e4ngt, zu zahlen.<\/span><\/p>\n<p align=\"JUSTIFY\"><span style=\"font-size: 14pt; font-family: georgia, palatino;\"><b>F. 923:<\/b> <i>Es ist bei den Einwohnern unseres Gebietes \u00fcblich, dass man an den Staat, der nicht islamisch ist und seiner muslimischen Bev\u00f6lkerung zu schaden versucht, beim Umgang mit diesem (Staat) nicht verpflichtet ist, die Geb\u00fchren f\u00fcr Wasser und Strom an den (Staat) zu zahlen, insbesondere falls der (Staat) die Anh\u00e4nger der Leute des Hauses (des Propheten) [ahl-ul-bayt] &#8211; a. &#8211; gegen\u00fcber den Anderen benachteiligt. Ist es uns dann erlaubt, uns zu weigern, die Rechnung f\u00fcr Wasser und Strom an diesen Staat zu zahlen?<\/i><\/span><\/p>\n<p align=\"JUSTIFY\"><span style=\"font-size: 14pt; font-family: georgia, palatino;\">A: Dieses ist nicht erlaubt, sondern jeder, der Wasser und Strom von einem Regierungsunternehmen f\u00fcr Wasser und Strom genutzt hat, ist verpflichtet, die Geb\u00fchren daf\u00fcr an den Staat zu zahlen, selbst falls er nicht islamisch ist.<\/span><\/p>\n<p align=\"JUSTIFY\"><span style=\"font-size: 14pt; font-family: georgia, palatino;\"><b>F. 924:<\/b> <i>Mein Ehemann ist gestorben und hat auf seinem Bankkonto einen Geldbetrag hinterlassen, und die Bank hat sein Bankkonto nach Kenntnis seines Ablebens aufgel\u00f6st und hat andererseits die Kommune \u00fcber die Steuer f\u00fcr sein Handelsgesch\u00e4ft, f\u00fcr die Bauerlaubnis und Anderes informiert, so dass sie das erw\u00e4hnte Gesch\u00e4ft im Fall der Nichtzahlung dieser Steuer an sie schlie\u00dfen wird. Und die Situation ist, dass unsere Kinder alle (noch) klein sind und wir nicht f\u00e4hig sind, die erw\u00e4hnte Steuer zu zahlen. Sind wir dann (dennoch) verpflichtet, diese Geb\u00fchren und Steuern zu zahlen?<\/i><\/span><\/p>\n<p align=\"JUSTIFY\"><span style=\"font-size: 14pt; font-family: georgia, palatino;\">A: Man ist verpflichtet, die Geb\u00fchren der Kommune und die offizielle Steuer gem\u00e4\u00df den Vorschriften des Staates zu zahlen. Und falls diese Steuer und die Geb\u00fchren dem Verstorbenen obliegen, dann ist man verpflichtet, dieses von der eigentlichen Hinterlassenschaft zu zahlen, vor dem Abtrennen des Drittels und der Aufteilung des Erbes. Und falls es an den Erben h\u00e4ngt, dann ist man verpflichtet, dieses von ihren G\u00fctern zu zahlen.<\/span><\/p>\n","protected":false},"excerpt":{"rendered":"<p>F. 920: Einige Personen, Unternehmen und Volks- und Regierungsgesellschaften verheimlichen einige Wahrheiten mit verschiedenen Methoden, um die Zahlung von Steuern<\/p>\n","protected":false},"author":1,"featured_media":0,"parent":0,"menu_order":0,"comment_status":"closed","ping_status":"closed","template":"","meta":{"colormag_page_container_layout":"default_layout","colormag_page_sidebar_layout":"default_layout","footnotes":""},"class_list":["post-1060","page","type-page","status-publish","hentry"],"_links":{"self":[{"href":"http:\/\/www.ahl-ul-bait.de\/imam-chamenei\/wp-json\/wp\/v2\/pages\/1060","targetHints":{"allow":["GET"]}}],"collection":[{"href":"http:\/\/www.ahl-ul-bait.de\/imam-chamenei\/wp-json\/wp\/v2\/pages"}],"about":[{"href":"http:\/\/www.ahl-ul-bait.de\/imam-chamenei\/wp-json\/wp\/v2\/types\/page"}],"author":[{"embeddable":true,"href":"http:\/\/www.ahl-ul-bait.de\/imam-chamenei\/wp-json\/wp\/v2\/users\/1"}],"replies":[{"embeddable":true,"href":"http:\/\/www.ahl-ul-bait.de\/imam-chamenei\/wp-json\/wp\/v2\/comments?post=1060"}],"version-history":[{"count":1,"href":"http:\/\/www.ahl-ul-bait.de\/imam-chamenei\/wp-json\/wp\/v2\/pages\/1060\/revisions"}],"predecessor-version":[{"id":1062,"href":"http:\/\/www.ahl-ul-bait.de\/imam-chamenei\/wp-json\/wp\/v2\/pages\/1060\/revisions\/1062"}],"wp:attachment":[{"href":"http:\/\/www.ahl-ul-bait.de\/imam-chamenei\/wp-json\/wp\/v2\/media?parent=1060"}],"curies":[{"name":"wp","href":"https:\/\/api.w.org\/{rel}","templated":true}]}}