{"id":1073,"date":"2022-10-31T18:11:12","date_gmt":"2022-10-31T17:11:12","guid":{"rendered":"http:\/\/khamenei.de\/wordpress\/?page_id=1073"},"modified":"2022-10-31T18:11:13","modified_gmt":"2022-10-31T17:11:13","slug":"kontakt-impressum","status":"publish","type":"page","link":"http:\/\/www.ahl-ul-bait.de\/imam-chamenei\/kontakt-impressum\/","title":{"rendered":"Kontakt\/Impressum"},"content":{"rendered":"<p><span style=\"font-family: georgia, palatino; font-size: 14pt;\">Inhaltlich Verantwortlicher gem\u00e4\u00df \u00a7 6 MDStV: <em>Dr. Yavuz \u00d6zoguz<\/em><\/span><\/p>\n<p><span style=\"font-family: georgia, palatino; font-size: 14pt;\">Postadresse: Dr. Yavuz \u00d6zoguz<\/span><\/p>\n<p><span style=\"font-family: georgia, palatino; font-size: 14pt;\">Schilfweg 53<\/span><\/p>\n<p><span style=\"font-family: georgia, palatino; font-size: 14pt;\">27751 Delmenhorst<\/span><\/p>\n<p><span style=\"font-family: georgia, palatino; font-size: 14pt;\">Telefon 0173 357 78 59<\/span><\/p>\n<p><span style=\"font-family: georgia, palatino; font-size: 14pt;\">Email info@islam-pure.de<\/span><\/p>\n<p><span style=\"font-family: georgia, palatino; font-size: 14pt;\"><strong>Haftungshinweis:<\/strong> Trotz sorgf\u00e4ltiger inhaltlicher Kontrolle \u00fcbernehmen wir keine Haftung f\u00fcr die Inhalte externer Links. F\u00fcr den Inhalt der verlinkten Seiten sind ausschlie\u00dflich deren Betreiber verantwortlich.<\/span><\/p>\n<p><span style=\"font-family: georgia, palatino; font-size: 14pt;\"><strong>Hinweis zum Thema Abmahnung:<\/strong> khamenei.de versucht m\u00f6gliche Konflikte immer auf dem unb\u00fcrokratischen Weg des gegenseitigen Ausgleichs und zur bestm\u00f6glichen Zufriedenheit aller Konfliktparteien im Vorfeld eine rechtlichen Auseinandersetzung zu l\u00f6sen. Sollten wir wider besseren Wissens, die Rechte anderer verletzt haben oder einen sonstigen &#8211; nach Ansicht Anderer &#8211; Abmahnungsberechtigten Tatbestand begangen haben, bitten wir h\u00f6flichst um sofortige und direkte Mitteilung. Denn so ist es uns m\u00f6glich den Tatbestand zu kl\u00e4ren und eventuell gemeinsam im Vorfeld entsprechende Ma\u00dfnahmen und Vorgehensweisen zu pr\u00fcfen. So kann ein zeit- und kostenintensiver Rechtsweg in der Form von Abmahnungen vermieden werden. Wir bedanken uns im Voraus f\u00fcr Ihr Verst\u00e4ndnis. khamenei.de ist i.d.R. bereit Texte, und Zitate auch dann von der eigenen Internetseite zu entfernen, wenn dies zwar rechtlich einwandfrei, aber vom Autor des Zitats nicht erw\u00fcnscht ist.<\/span><\/p>\n<p><span style=\"font-family: georgia, palatino; font-size: 14pt;\"><strong>Hinweise zu Links: <\/strong>khamenei.de hat auf seinen Seiten zahlreiche Links zu anderen Seiten im Internet gelegt. F\u00fcr all diese Links gilt: khamenei.de betont ausdr\u00fccklich, dass er keinerlei Einfluss auf die Gestaltung und die Inhalte der externen gelinkten Seiten hat. <strong>Deshalb distanziert sich <\/strong>khamenei.de <strong>ausdr\u00fccklich von allen Inhalten aller extern gelinkten Seiten, die mit dem Deutschen Recht nicht vereinbar sind.<\/strong> Diese Erkl\u00e4rung gilt f\u00fcr alle Unterseiten dieser Pr\u00e4sentation und gilt f\u00fcr alle auf dieser Homepage eingesetzten Links und f\u00fcr alle Inhalte der Seiten, zu denen Links oder Banner f\u00fchren, die mit dem Deutschen Gesetz nicht vereinbar sind. Dar\u00fcber hinaus wird bei Bekannt werden von Links zu Homepages, die mit dem deutschen Gesetz nicht vereinbar sind, der Link unverz\u00fcglich unterbrochen.<\/span><\/p>\n<p><span style=\"font-family: georgia, palatino; font-size: 14pt;\">khamenei.de <strong>beh\u00e4lt sich vor, Texte oder Links auf Websites, B\u00fccher, Zeitschriften und Zeitungen abzulehnen oder wieder zu entfernen, wenn diese zu Straftaten oder Gewalt ermuntern, darauf angelegt sind, Vorurteile und Zwietracht unter Muslimen oder zwischen Muslimen und Andersgl\u00e4ubigen zu verbreiten, der politischen Ordnung der BRD die Legitimation absprechen oder zum organisierten Kampf f\u00fcr die Abschaffung des Grundgesetzes auffordern. Zudem werden Links zu Seiten mit rassistischem Inhalt unverz\u00fcglich entfernt nach Bekanntwerden. Die Ablehnung oder Entfernung bedarf keiner Begr\u00fcndung. Ggf. bitten wir h\u00f6flichst um entsprechende Information.<\/strong><\/span><\/p>\n","protected":false},"excerpt":{"rendered":"<p>Inhaltlich Verantwortlicher gem\u00e4\u00df \u00a7 6 MDStV: Dr. Yavuz \u00d6zoguz Postadresse: Dr. Yavuz \u00d6zoguz Schilfweg 53 27751 Delmenhorst Telefon 0173 357<\/p>\n","protected":false},"author":1,"featured_media":0,"parent":0,"menu_order":0,"comment_status":"closed","ping_status":"closed","template":"","meta":{"colormag_page_container_layout":"default_layout","colormag_page_sidebar_layout":"default_layout","footnotes":""},"class_list":["post-1073","page","type-page","status-publish","hentry"],"_links":{"self":[{"href":"http:\/\/www.ahl-ul-bait.de\/imam-chamenei\/wp-json\/wp\/v2\/pages\/1073","targetHints":{"allow":["GET"]}}],"collection":[{"href":"http:\/\/www.ahl-ul-bait.de\/imam-chamenei\/wp-json\/wp\/v2\/pages"}],"about":[{"href":"http:\/\/www.ahl-ul-bait.de\/imam-chamenei\/wp-json\/wp\/v2\/types\/page"}],"author":[{"embeddable":true,"href":"http:\/\/www.ahl-ul-bait.de\/imam-chamenei\/wp-json\/wp\/v2\/users\/1"}],"replies":[{"embeddable":true,"href":"http:\/\/www.ahl-ul-bait.de\/imam-chamenei\/wp-json\/wp\/v2\/comments?post=1073"}],"version-history":[{"count":1,"href":"http:\/\/www.ahl-ul-bait.de\/imam-chamenei\/wp-json\/wp\/v2\/pages\/1073\/revisions"}],"predecessor-version":[{"id":1074,"href":"http:\/\/www.ahl-ul-bait.de\/imam-chamenei\/wp-json\/wp\/v2\/pages\/1073\/revisions\/1074"}],"wp:attachment":[{"href":"http:\/\/www.ahl-ul-bait.de\/imam-chamenei\/wp-json\/wp\/v2\/media?parent=1073"}],"curies":[{"name":"wp","href":"https:\/\/api.w.org\/{rel}","templated":true}]}}