{"id":549,"date":"2022-06-14T11:33:43","date_gmt":"2022-06-14T09:33:43","guid":{"rendered":"http:\/\/khamenei.de\/wordpress\/?page_id=549"},"modified":"2025-06-26T01:19:27","modified_gmt":"2025-06-25T23:19:27","slug":"rechtsfragen","status":"publish","type":"page","link":"http:\/\/www.ahl-ul-bait.de\/imam-chamenei\/rechtsfragen\/","title":{"rendered":"Rechtsfragen"},"content":{"rendered":"\n<h2 class=\"wp-block-heading\"><\/h2>\n\n\n\n<div class=\"wp-block-cover alignfull is-light has-parallax\" style=\"min-height:100vh;aspect-ratio:unset;\"><span aria-hidden=\"true\" class=\"wp-block-cover__background has-background-dim-40 has-background-dim\" style=\"background-color:#000000\"><\/span><div class=\"wp-block-cover__image-background wp-image-585 has-parallax\" style=\"background-position:50% 50%;background-image:url(http:\/\/ahl-ul-bait.de\/imam-chamenei\/wp-content\/uploads\/2022\/06\/25603-1.jpg)\"><\/div><div class=\"wp-block-cover__inner-container is-layout-flow wp-block-cover-is-layout-flow\">\n<h2 class=\"wp-block-heading alignwide has-white-color has-text-color\" style=\"font-size:48px;line-height:1.2\"><strong><em>Rechtsfragen:<\/em><\/strong><br><\/h2>\n\n\n\n<p class=\"has-text-color\" style=\"color:#ffffff\">Bei manchen Angelegenheiten in der Religion, betreffend der religionsaus\u00fcbenden Teilen kann es f\u00fcr das Individuum hinsichtlich der Aus\u00fcbung religi\u00f6ser Riten zu Unklarheiten kommen. Hier finden sich diesbez\u00fcgliche Fragen an Imam Chamenei und seine Antworten.<\/p>\n\n\n\n<div class=\"wp-block-columns alignwide is-layout-flex wp-container-core-columns-is-layout-28f84493 wp-block-columns-is-layout-flex\">\n<div class=\"wp-block-column is-layout-flow wp-block-column-is-layout-flow\" style=\"flex-basis:60%\">\n<div class=\"wp-block-buttons is-layout-flex wp-block-buttons-is-layout-flex\"><\/div>\n<\/div>\n\n\n\n<div class=\"wp-block-column is-layout-flow wp-block-column-is-layout-flow\"><\/div>\n<\/div>\n<\/div><\/div>\n\n\n\n<hr class=\"wp-block-separator has-alpha-channel-opacity\"\/>\n\n\n<p style=\"text-align: center;\"><span style=\"font-family: georgia, palatino; font-size: 14pt;\"><strong>\u2013 Im Namen Gottes, des Gn\u00e4digen, des Begnadenden \u2013<\/strong><\/span><\/p>\n<p align=\"JUSTIFY\"><span style=\"font-family: georgia, palatino; font-size: 14pt;\">Das Handeln nach diesem religi\u00f6sen Regelwerk &#8222;<b>Antworten auf Rechtsfragen<\/b>&#8220; [adschwibat-ul-istiftaa&#8217;t] ist hinreichend und befreit von der Verpflichtung, so Gott, der Erhabene, will.<\/span><\/p>\n<p align=\"JUSTIFY\"><span style=\"font-family: georgia, palatino; font-size: 14pt;\"><em>Ali al-Husayn al-Chamenei, Sohn von al-Dschawad<\/em><\/span><\/p>\n<hr>\n<p align=\"JUSTIFY\">\n<ul>\n<li><a href=\"http:\/\/ahl-ul-bait.de\/imam-chamenei\/anmerkungen-zum-werk-und-zur-uebersetzung\/\" target=\"_blank\" rel=\"noopener\"><span style=\"font-family: georgia, palatino; font-size: 14pt;\">Anmerkungen zum Werk und zur \u00dcbersetzung<\/span><\/a><\/li>\n<li><a href=\"http:\/\/ahl-ul-bait.de\/imam-chamenei\/nachahmung\/\" target=\"_blank\" rel=\"noopener\"><span style=\"font-family: georgia, palatino; font-size: 14pt;\">Nachahmung<\/span><\/a><\/li>\n<li><a href=\"http:\/\/ahl-ul-bait.de\/imam-chamenei\/kapitel-zur-rituellen-reinheit\/\" target=\"_blank\" rel=\"noopener\"><span style=\"font-family: georgia, palatino; font-size: 14pt;\">Rituelle Reinheit<\/span><\/a><\/li>\n<li><a href=\"http:\/\/ahl-ul-bait.de\/imam-chamenei\/rituelles-gebet\/\" target=\"_blank\" rel=\"noopener\"><span style=\"font-family: georgia, palatino; font-size: 14pt;\">Rituelles Gebet<\/span><\/a><\/li>\n<li><span style=\"font-family: georgia, palatino; font-size: 14pt;\"><a href=\"http:\/\/ahl-ul-bait.de\/imam-chamenei\/das-fasten\/\" target=\"_blank\" rel=\"noopener\">Fasten<\/a><br \/><\/span><\/li>\n<li><a href=\"http:\/\/ahl-ul-bait.de\/imam-chamenei\/chums\/\" target=\"_blank\" rel=\"noopener\"><span style=\"font-family: georgia, palatino; font-size: 14pt;\">Chums<\/span><\/a><\/li>\n<li><a href=\"http:\/\/ahl-ul-bait.de\/imam-chamenei\/gebieten-des-guten-und-verwehren-des-schlechten\/\" target=\"_blank\" rel=\"noopener\"><span style=\"font-family: georgia, palatino; font-size: 14pt;\">Gebieten des Guten und Verwehren des Schlechten<\/span><\/a><\/li>\n<li><a href=\"http:\/\/ahl-ul-bait.de\/imam-chamenei\/einkuenfte-durch-ursaechliche-unreinheit\/\" target=\"_blank\" rel=\"noopener\"><span style=\"font-family: georgia, palatino; font-size: 14pt;\">Eink\u00fcnfte durch urs\u00e4chliche Unreinheit<\/span><\/a><\/li>\n<li><a href=\"http:\/\/ahl-ul-bait.de\/imam-chamenei\/schachspielen-und-gluecksspiel-utensilien\/\" target=\"_blank\" rel=\"noopener\"><span style=\"font-family: georgia, palatino; font-size: 14pt;\">Schachspielen und Gl\u00fccksspiel-Utensilien<\/span><\/a><\/li>\n<li><a href=\"http:\/\/ahl-ul-bait.de\/imam-chamenei\/musik-und-gesang\/\" target=\"_blank\" rel=\"noopener\"><span style=\"font-family: georgia, palatino; font-size: 14pt;\">Musik und Gesang<\/span><\/a><\/li>\n<li><a href=\"http:\/\/ahl-ul-bait.de\/imam-chamenei\/tanzen\/\" target=\"_blank\" rel=\"noopener\"><span style=\"font-family: georgia, palatino; font-size: 14pt;\">Tanzen<\/span><\/a><\/li>\n<li><a href=\"http:\/\/ahl-ul-bait.de\/imam-chamenei\/klatschen\/\" target=\"_blank\" rel=\"noopener\"><span style=\"font-family: georgia, palatino; font-size: 14pt;\">Klatschen<\/span><\/a><\/li>\n<li><a href=\"http:\/\/ahl-ul-bait.de\/imam-chamenei\/fotos-und-filme\/\" target=\"_blank\" rel=\"noopener\"><span style=\"font-family: georgia, palatino; font-size: 14pt;\">Fotos und Filme<\/span><\/a><\/li>\n<li><a href=\"http:\/\/ahl-ul-bait.de\/imam-chamenei\/satellitenschuessel\/\" target=\"_blank\" rel=\"noopener\"><span style=\"font-family: georgia, palatino; font-size: 14pt;\">Satellitensch\u00fcssel<\/span><\/a><\/li>\n<li><a href=\"http:\/\/ahl-ul-bait.de\/imam-chamenei\/theater-und-filmarbeit\/\" target=\"_blank\" rel=\"noopener\"><span style=\"font-family: georgia, palatino; font-size: 14pt;\">Theater und Filmarbeit<\/span><\/a><\/li>\n<li><a href=\"http:\/\/ahl-ul-bait.de\/imam-chamenei\/malen-und-bildhauerei\/\" target=\"_blank\" rel=\"noopener\"><span style=\"font-family: georgia, palatino; font-size: 14pt;\">Malen und Bildhauerei<\/span><\/a><\/li>\n<li><a href=\"http:\/\/ahl-ul-bait.de\/imam-chamenei\/zauberei-gaukelei-und-anrufung-von-seelen-und-dschinn\/\" target=\"_blank\" rel=\"noopener\"><span style=\"font-family: georgia, palatino; font-size: 14pt;\">Zauberei, Gaukelei und Anrufung von Seelen und Dschinn<\/span><\/a><\/li>\n<li><a href=\"http:\/\/ahl-ul-bait.de\/imam-chamenei\/hypnose\/\" target=\"_blank\" rel=\"noopener\"><span style=\"font-family: georgia, palatino; font-size: 14pt;\">Hypnose<\/span><\/a><\/li>\n<li><a href=\"http:\/\/ahl-ul-bait.de\/imam-chamenei\/lotterie\/\" target=\"_blank\" rel=\"noopener\"><span style=\"font-family: georgia, palatino; font-size: 14pt;\">Lotterie<\/span><\/a><\/li>\n<li><a href=\"http:\/\/ahl-ul-bait.de\/imam-chamenei\/bestechung\/\" target=\"_blank\" rel=\"noopener\"><span style=\"font-family: georgia, palatino; font-size: 14pt;\">Bestechung<\/span><\/a><\/li>\n<li><a href=\"http:\/\/ahl-ul-bait.de\/imam-chamenei\/vertreter-bei-kauf-und-verkauf\/\" target=\"_blank\" rel=\"noopener\"><span style=\"font-family: georgia, palatino; font-size: 14pt;\">Vertreter bei Kauf und Verkauf<\/span><\/a><\/li>\n<li><a href=\"http:\/\/ahl-ul-bait.de\/imam-chamenei\/medizinische-angelegenheiten\/\" target=\"_blank\" rel=\"noopener\"><span style=\"font-family: georgia, palatino; font-size: 14pt;\">Medizinische Angelegenheiten<\/span><\/a><\/li>\n<li><a href=\"http:\/\/ahl-ul-bait.de\/imam-chamenei\/lehren-und-lernen-und-das-benehmen-dazu\/\" target=\"_blank\" rel=\"noopener\"><span style=\"font-family: georgia, palatino; font-size: 14pt;\">&nbsp;Lehren und Lernen und das Benehmen dazu<\/span><\/a><\/li>\n<li><a href=\"http:\/\/ahl-ul-bait.de\/imam-chamenei\/studium-der-medizin\/\" target=\"_blank\" rel=\"noopener\"><span style=\"font-family: georgia, palatino; font-size: 14pt;\">Studium der Medizin<\/span><\/a><\/li>\n<li><a href=\"http:\/\/ahl-ul-bait.de\/imam-chamenei\/rechte-bezueglich-druck-urheberrecht-und-kunstwerke\/\" target=\"_blank\" rel=\"noopener\"><span style=\"font-family: georgia, palatino; font-size: 14pt;\">Rechte bez\u00fcglich Druck, Urheber und Kunstwerke<\/span><\/a><\/li>\n<li><a href=\"http:\/\/ahl-ul-bait.de\/imam-chamenei\/handel-mit-nichtmuslimen\/\" target=\"_blank\" rel=\"noopener\"><span style=\"font-family: georgia, palatino; font-size: 14pt;\"> Handel mit Nichtmuslimen<\/span><\/a><\/li>\n<li><a href=\"http:\/\/ahl-ul-bait.de\/imam-chamenei\/arbeiten-in-unterdrueckerstaaten\/\"><span style=\"font-family: georgia, palatino; font-size: 14pt;\"> Arbeiten in Unterdr\u00fcckerstaaten<\/span><\/a><\/li>\n<li><a href=\"http:\/\/ahl-ul-bait.de\/imam-chamenei\/bekleidung-und-die-blickfangkleidung\/\" target=\"_blank\" rel=\"noopener\"><span style=\"font-family: georgia, palatino; font-size: 14pt;\"> Bekleidung und die Blickfangkleidung<\/span><\/a><\/li>\n<li><a href=\"http:\/\/ahl-ul-bait.de\/imam-chamenei\/nachahmung-der-unglaeubigen-und-verbreitung-ihrer-kultur\/\" target=\"_blank\" rel=\"noopener\"><span style=\"font-family: georgia, palatino; font-size: 14pt;\"> Nachahmung der Ungl\u00e4ubigen und Verbreitung ihrer Kultur<\/span><\/a><\/li>\n<li><a href=\"http:\/\/ahl-ul-bait.de\/imam-chamenei\/auswandern\/\" target=\"_blank\" rel=\"noopener\"><span style=\"font-family: georgia, palatino; font-size: 14pt;\"> Auswandern<\/span><\/a><\/li>\n<li><a href=\"http:\/\/ahl-ul-bait.de\/imam-chamenei\/spionage-verrat-und-enthuellung-von-geheimnissen\/\" target=\"_blank\" rel=\"noopener\"><span style=\"font-family: georgia, palatino; font-size: 14pt;\"> Spionage, Verrat und Enth\u00fcllung von Geheimnissen<\/span><\/a><\/li>\n<li><a href=\"http:\/\/ahl-ul-bait.de\/imam-chamenei\/rauchen-und-drogen\/\" target=\"_blank\" rel=\"noopener\"><span style=\"font-family: georgia, palatino; font-size: 14pt;\"> Rauchen und Drogen<\/span><\/a><\/li>\n<li><a href=\"http:\/\/ahl-ul-bait.de\/imam-chamenei\/bart-und-schnurrbart\/\" target=\"_blank\" rel=\"noopener\"><span style=\"font-family: georgia, palatino; font-size: 14pt;\"> Bart und Schnurrbart<\/span><\/a><\/li>\n<li><a href=\"http:\/\/ahl-ul-bait.de\/imam-chamenei\/anwesenheit-bei-veranstaltungen-des-ungehorsams\/\" target=\"_blank\" rel=\"noopener\"><span style=\"font-family: georgia, palatino; font-size: 14pt;\"> Anwesenheit bei Veranstaltungen des Ungehorsams<\/span><\/a><\/li>\n<li><a href=\"http:\/\/ahl-ul-bait.de\/imam-chamenei\/amulette-und-rituelle-entscheidungshilfe\/\" target=\"_blank\" rel=\"noopener\"><span style=\"font-family: georgia, palatino; font-size: 14pt;\"> Amulette und rituelle Entscheidungshilfe<\/span><\/a><\/li>\n<li><a href=\"http:\/\/ahl-ul-bait.de\/imam-chamenei\/veranstaltungen-zu-religioesen-angelegenheiten\/\" target=\"_blank\" rel=\"noopener\"><span style=\"font-family: georgia, palatino; font-size: 14pt;\"> Veranstaltungen zu religi\u00f6sen Anl\u00e4ssen<\/span><\/a><\/li>\n<li><a href=\"http:\/\/ahl-ul-bait.de\/imam-chamenei\/horten-und-verschwendung\/\" target=\"_blank\" rel=\"noopener\"><span style=\"font-family: georgia, palatino; font-size: 14pt;\"> Horten und Verschwendung<\/span><\/a><\/li>\n<li><a href=\"http:\/\/ahl-ul-bait.de\/imam-chamenei\/anstandsregeln-des-handels\/\" target=\"_blank\" rel=\"noopener\"><span style=\"font-family: georgia, palatino; font-size: 14pt;\"> Anstandsregeln des Handels<\/span><\/a><\/li>\n<li><a href=\"http:\/\/ahl-ul-bait.de\/imam-chamenei\/kapitel-des-verkaufs\/\" target=\"_blank\" rel=\"noopener\"><span style=\"font-family: georgia, palatino; font-size: 14pt;\"> Kapitel des Verkaufs<\/span><\/a><\/li>\n<li><a href=\"http:\/\/ahl-ul-bait.de\/imam-chamenei\/entlohnung\/\" target=\"_blank\" rel=\"noopener\"><span style=\"font-family: georgia, palatino; font-size: 14pt;\">Entlohnung<\/span><\/a><\/li>\n<li><a href=\"http:\/\/ahl-ul-bait.de\/imam-chamenei\/urteile-zu-abstand\/\" target=\"_blank\" rel=\"noopener\"><span style=\"font-family: georgia, palatino; font-size: 14pt;\"> Urteile zu Abstand<\/span><\/a><\/li>\n<li><a href=\"http:\/\/ahl-ul-bait.de\/imam-chamenei\/buergerschaft\/\" target=\"_blank\" rel=\"noopener\"><span style=\"font-family: georgia, palatino; font-size: 14pt;\"> B\u00fcrgschaft<\/span><\/a><\/li>\n<li><a href=\"http:\/\/ahl-ul-bait.de\/imam-chamenei\/pfand\/\" target=\"_blank\" rel=\"noopener\"><span style=\"font-family: georgia, palatino; font-size: 14pt;\"> Pfand<\/span><\/a><\/li>\n<li><a href=\"http:\/\/ahl-ul-bait.de\/imam-chamenei\/partnerschaft-bei-einer-gesellschaft\/\" target=\"_blank\" rel=\"noopener\"><span style=\"font-family: georgia, palatino; font-size: 14pt;\"> Partnerschaft (bei einer Gesellschaft)<\/span><\/a><\/li>\n<li><a href=\"http:\/\/ahl-ul-bait.de\/imam-chamenei\/die-schenkung\/\" target=\"_blank\" rel=\"noopener\"><span style=\"font-family: georgia, palatino; font-size: 14pt;\"> Schenkung<\/span><\/a><\/li>\n<li><a href=\"http:\/\/ahl-ul-bait.de\/imam-chamenei\/schulden-und-darlehen\/\" target=\"_blank\" rel=\"noopener\"><span style=\"font-family: georgia, palatino; font-size: 14pt;\"> Schulden und Darlehen<\/span><\/a><\/li>\n<li><a href=\"http:\/\/ahl-ul-bait.de\/imam-chamenei\/abkommen\/\" target=\"_blank\" rel=\"noopener\"><span style=\"font-family: georgia, palatino; font-size: 14pt;\"> Abkommen<\/span><\/a><\/li>\n<li><a href=\"http:\/\/ahl-ul-bait.de\/imam-chamenei\/vertretung\/\" target=\"_blank\" rel=\"noopener\"><span style=\"font-family: georgia, palatino; font-size: 14pt;\"> Vertretung<\/span><\/a><\/li>\n<li><a href=\"http:\/\/ahl-ul-bait.de\/imam-chamenei\/schuldschein\/\" target=\"_blank\" rel=\"noopener\"><span style=\"font-family: georgia, palatino; font-size: 14pt;\"> Schuldschein<\/span><\/a><\/li>\n<li><a href=\"http:\/\/ahl-ul-bait.de\/imam-chamenei\/almosen-sadaqah\/\" target=\"_blank\" rel=\"noopener\"><span style=\"font-family: georgia, palatino; font-size: 14pt;\"> Almosen [sadaqah]<\/span><\/a><\/li>\n<li><a href=\"http:\/\/ahl-ul-bait.de\/imam-chamenei\/geliehenes-und-anvertrautes\/\" target=\"_blank\" rel=\"noopener\"><span style=\"font-family: georgia, palatino; font-size: 14pt;\"> Geliehenes und Anvertrautes<\/span><\/a><\/li>\n<li><a href=\"http:\/\/ahl-ul-bait.de\/imam-chamenei\/testament\/\" target=\"_blank\" rel=\"noopener\"><span style=\"font-family: georgia, palatino; font-size: 14pt;\"> Testament<\/span><\/a><\/li>\n<li><a href=\"http:\/\/ahl-ul-bait.de\/imam-chamenei\/enteignung\/\" target=\"_blank\" rel=\"noopener\"><span style=\"font-family: georgia, palatino; font-size: 14pt;\"> Enteignung<\/span><\/a><\/li>\n<li><a href=\"http:\/\/ahl-ul-bait.de\/imam-chamenei\/entmuedigung-und-zeichen-der-religioesen-reife\/\" target=\"_blank\" rel=\"noopener\"><span style=\"font-family: georgia, palatino; font-size: 14pt;\"> Entm\u00fcndigung und Zeichen der religi\u00f6sen Reife<\/span><\/a><\/li>\n<li><a href=\"http:\/\/ahl-ul-bait.de\/imam-chamenei\/spekulation\/\" target=\"_blank\" rel=\"noopener\"><span style=\"font-family: georgia, palatino; font-size: 14pt;\"> Spekulation<\/span><\/a><\/li>\n<li><a href=\"http:\/\/ahl-ul-bait.de\/imam-chamenei\/bankgeschaefte\/\" target=\"_blank\" rel=\"noopener\"><span style=\"font-family: georgia, palatino; font-size: 14pt;\"> Bankgesch\u00e4fte<\/span><\/a><\/li>\n<li><a href=\"http:\/\/ahl-ul-bait.de\/imam-chamenei\/versicherung\/\" target=\"_blank\" rel=\"noopener\"><span style=\"font-family: georgia, palatino; font-size: 14pt;\"> Versicherung<\/span><\/a><\/li>\n<li><a href=\"http:\/\/ahl-ul-bait.de\/imam-chamenei\/staatsgueter\/\" target=\"_blank\" rel=\"noopener\"><span style=\"font-family: georgia, palatino; font-size: 14pt;\"> Staatsg\u00fcter<\/span><\/a><\/li>\n<li><a href=\"http:\/\/ahl-ul-bait.de\/imam-chamenei\/arbeit-in-staatsbehoerden\/\" target=\"_blank\" rel=\"noopener\"><span style=\"font-family: georgia, palatino; font-size: 14pt;\"> Arbeit in Staatsbeh\u00f6rden<\/span><\/a><\/li>\n<li><a href=\"http:\/\/ahl-ul-bait.de\/imam-chamenei\/staatsgesetze\/\" target=\"_blank\" rel=\"noopener\"><span style=\"font-family: georgia, palatino; font-size: 14pt;\"> Staatsgesetze<\/span><\/a><\/li>\n<li><a href=\"http:\/\/ahl-ul-bait.de\/imam-chamenei\/steuern-und-gebuehren\/\" target=\"_blank\" rel=\"noopener\"><span style=\"font-family: georgia, palatino; font-size: 14pt;\"> Steuern und Geb\u00fchren<\/span><\/a><\/li>\n<li><a href=\"http:\/\/ahl-ul-bait.de\/imam-chamenei\/stiftungen\/\" target=\"_blank\" rel=\"noopener\"><span style=\"font-family: georgia, palatino; font-size: 14pt;\"> Stiftungen<\/span><\/a><\/li>\n<\/ul>","protected":false},"excerpt":{"rendered":"<p>\u2013 Im Namen Gottes, des Gn\u00e4digen, des Begnadenden \u2013 Das Handeln nach diesem religi\u00f6sen Regelwerk &#8222;Antworten auf Rechtsfragen&#8220; [adschwibat-ul-istiftaa&#8217;t] ist<\/p>\n","protected":false},"author":1,"featured_media":0,"parent":0,"menu_order":0,"comment_status":"closed","ping_status":"closed","template":"","meta":{"colormag_page_container_layout":"default_layout","colormag_page_sidebar_layout":"default_layout","footnotes":""},"class_list":["post-549","page","type-page","status-publish","hentry"],"_links":{"self":[{"href":"http:\/\/www.ahl-ul-bait.de\/imam-chamenei\/wp-json\/wp\/v2\/pages\/549","targetHints":{"allow":["GET"]}}],"collection":[{"href":"http:\/\/www.ahl-ul-bait.de\/imam-chamenei\/wp-json\/wp\/v2\/pages"}],"about":[{"href":"http:\/\/www.ahl-ul-bait.de\/imam-chamenei\/wp-json\/wp\/v2\/types\/page"}],"author":[{"embeddable":true,"href":"http:\/\/www.ahl-ul-bait.de\/imam-chamenei\/wp-json\/wp\/v2\/users\/1"}],"replies":[{"embeddable":true,"href":"http:\/\/www.ahl-ul-bait.de\/imam-chamenei\/wp-json\/wp\/v2\/comments?post=549"}],"version-history":[{"count":72,"href":"http:\/\/www.ahl-ul-bait.de\/imam-chamenei\/wp-json\/wp\/v2\/pages\/549\/revisions"}],"predecessor-version":[{"id":2548,"href":"http:\/\/www.ahl-ul-bait.de\/imam-chamenei\/wp-json\/wp\/v2\/pages\/549\/revisions\/2548"}],"wp:attachment":[{"href":"http:\/\/www.ahl-ul-bait.de\/imam-chamenei\/wp-json\/wp\/v2\/media?parent=549"}],"curies":[{"name":"wp","href":"https:\/\/api.w.org\/{rel}","templated":true}]}}