{"id":939,"date":"2022-10-20T13:06:45","date_gmt":"2022-10-20T11:06:45","guid":{"rendered":"http:\/\/khamenei.de\/wordpress\/?page_id=939"},"modified":"2024-01-31T17:19:18","modified_gmt":"2024-01-31T16:19:18","slug":"fotos-und-filme","status":"publish","type":"page","link":"http:\/\/www.ahl-ul-bait.de\/imam-chamenei\/rechtsfragen\/fotos-und-filme\/","title":{"rendered":"Fotos und Filme"},"content":{"rendered":"<p align=\"JUSTIFY\"><span style=\"font-family: georgia, palatino; font-size: 14pt;\"><b>F. 102:<\/b> <i>Wie ist das Urteil zum Betrachten des Fotos einer fremden unbedeckten Frau? Und wie ist das Urteil zum Betrachten des Bildes einer Frau im Fernsehen? Und gibt es einen Unterschied zwischen der Muslima und einer anderen (Frau) und zwischen ausgestrahlten Bildern durch Direkt\u00fcbertragung (live) oder nicht direkter \u00dcbertragung (also Aufzeichnung)?<\/i><\/span><\/p>\n<p align=\"JUSTIFY\"><span style=\"font-family: georgia, palatino; font-size: 14pt;\">A: Das Urteil zum Betrachten eines Bildes (oder Fotos) einer Fremden (Frau) ist nicht das (gleiche) Urteil (wie) zum Betrachten der Fremden (Frau) selbst, so dass es zul\u00e4ssig ist, au\u00dfer bei Zweifelhaftem und der Bef\u00fcrchtung einer Versuchung, oder falls das Bild von einer Muslima ist, die der Betrachter kennt. Und als verpflichtende Vorsichtsma\u00dfnahme ist das ausgestrahlte Bild einer Fremden (Frau) im Fernseher bei Direkt\u00fcbertragung nicht anzusehen. Aber bei nicht direkter \u00dcbertragung dessen, was vom Fernsehen ausgestrahlt wird, ist es zul\u00e4ssig, sie ohne Zweifelhaftes und Versuchung anzusehen.<\/span><\/p>\n<p align=\"JUSTIFY\"><span style=\"font-family: georgia, palatino; font-size: 14pt;\"><b>F. 103:<\/b> <i>Wie ist das Urteil zum Betrachten von Fernsehprogrammen, die \u00fcber Satellit empfangen werden? Und wie ist das Urteil f\u00fcr die Einwohner der Landstriche, die Anrainer des Persischen Golfs sind, zum Betrachten der (Programme der) Fernsehsender, die zu diesen Staaten geh\u00f6ren?<\/i><\/span><\/p>\n<p align=\"JUSTIFY\"><span style=\"font-family: georgia, palatino; font-size: 14pt;\">A: Der Empfang und das Betrachten der Programme, die mittels der westlichen Satelliten ausgestrahlt werden und der Programme der meisten benachbarten L\u00e4nder, ist nicht erlaubt, da diese die Verbreitung von verirrten Gedanken und die Verf\u00e4lschung von Wahrheiten sowie Programme der Vergn\u00fcgung und der Verdorbenheit enthalten, da diese (Programme) anzusehen zu dem geh\u00f6rt, was zumeist Verirrung, das Verfallen in Verdorbenheit und die Verwicklung in Verbotenes verursacht. Falls allerdings die Programme qur\u2019anisch und \u00e4hnlich sind, dann gibt es religionsrechtlich kein Hindernis, diese anzusehen.<\/span><\/p>\n<p align=\"JUSTIFY\"><span style=\"font-family: georgia, palatino; font-size: 14pt;\"><b>F. 104:<\/b> <i>Gibt es Bedenken zum Betrachten und H\u00f6ren von Kom\u00f6dienprogrammen in Funk und Fernsehen?<\/i><\/span><\/p>\n<p align=\"JUSTIFY\"><span style=\"font-family: georgia, palatino; font-size: 14pt;\">A: Das Zuh\u00f6ren zu Anekdoten und das Betrachten von Kom\u00f6dienschauspielen ist unbedenklich, aber der Musik zuzuh\u00f6ren ist nicht erlaubt, falls diese vergn\u00fcgend ist und sich f\u00fcr Veranstaltungen zum Vergn\u00fcgen, zur Stimulation und zum Ungehorsam eignet.<\/span><\/p>\n<p align=\"JUSTIFY\"><span style=\"font-family: georgia, palatino; font-size: 14pt;\"><b>F. 105:<\/b> <i>W\u00e4hrend der Hochzeit wurden mehrere Fotos von mir aufgenommen, und damals habe ich nicht meine vollst\u00e4ndige islamischen Frauenbedeckung [h.i\u2122 ~ b] angezogen und diese (Fotos) sind jetzt bei Freunden und Verwandten. Bin ich dann verpflichtet, diese Fotos einzusammeln?<\/i><\/span><\/p>\n<p align=\"JUSTIFY\"><span style=\"font-family: georgia, palatino; font-size: 14pt;\">A: Wenn die Anwesenheit der Fotos bei den anderen nicht derart ist, dass eine Verdorbenheit erfolgt oder angenommen, Sie haben dabei nicht mitgewirkt, ihnen die Fotos zu geben, oder falls das Einsammeln der Fotos eine Drangsal f\u00fcr Sie ist, dann obliegt ihnen hierbei keine Verpflichtung.<\/span><\/p>\n<p align=\"JUSTIFY\"><span style=\"font-family: georgia, palatino; font-size: 14pt;\"><b>F. 106:<\/b> <i>Bestehen Bedenken gegen das K\u00fcssen der Fotos (und Bilder) von Imam (Khomeini) &#8211; q. &#8211; und der M\u00e4rtyrer, da sie nicht-Mahram-Verwandten f\u00fcr uns sind?<\/i><\/span><\/p>\n<p align=\"JUSTIFY\"><span style=\"font-family: georgia, palatino; font-size: 14pt;\">A: Im allgemeinen ist das Foto (oder Bild) eines Fremden nicht wie der Fremde selbst, so dass das K\u00fcssen des Fotos des Fremden aus Respekt, um Segen zu erhalten und als Ausdruck der Liebe unbedenklich ist, wenn es fern vom Ziel zu Zweifelhaften ist und daraus keine Versuchung bef\u00fcrchtet wird.<\/span><\/p>\n<p align=\"JUSTIFY\"><span style=\"font-family: georgia, palatino; font-size: 14pt;\"><b>F. 107:<\/b> <i>Ist das Betrachten der Bilder von nackten oder fast nackten Frauen, die unbekannt sind, und die wir nicht kennen, in Kinofilmen und (bei) anderen (Gelegenheiten) erlaubt?<\/i><\/span><\/p>\n<p align=\"JUSTIFY\"><span style=\"font-family: georgia, palatino; font-size: 14pt;\">A: Das Urteil zum Betrachten von Filmen und der Bilder ist nicht wie das Urteil zum Betrachten des Fremden (selbst), und es besteht religionsrechtlich kein Hindernis dazu, sofern dieses nicht mit Lust und Zweifelhaftem erfolgt und daraus keine Versuchung entsteht, aber mit Ber\u00fccksichtigung, dass das Betrachten unmoralischer Bilder, welche die Lust stimulieren, meistens nicht unfrei ist vom Betrachten mit Lust und somit dieses eine Einleitung zum Begehen von S\u00fcnde wird, ist es dann verboten.<\/span><\/p>\n<p align=\"JUSTIFY\"><span style=\"font-family: georgia, palatino; font-size: 14pt;\"><b>F. 108:<\/b> <i>Ist das Fotografieren einer Frau bei der Hochzeitsfeier ohne Erlaubnis ihres Mannes erlaubt? Und angenommen, es bestehe eine Erlaubnis (dazu), ist sie dann dabei verpflichtet, die vollst\u00e4ndige islamischen Frauenbedeckung [h.i\u2122 ~ b] zu beachten?<\/i><\/span><\/p>\n<p align=\"JUSTIFY\"><span style=\"font-family: georgia, palatino; font-size: 14pt;\">A: Das Fotografieren ist grunds\u00e4tzlich nicht abh\u00e4ngig von der Erlaubnis des Ehemannes, aber falls sie es f\u00fcr m\u00f6glich h\u00e4lt, das ein Fremder ihr Foto sieht und ihre Nichtbeachtung der vollst\u00e4ndigen islamischen Frauenbedeckung [h.i\u2122 ~ b] zu einer Verdorbenheit f\u00fchrt, dann ist sie verpflichtet, diese (Frauenbedeckung) zu beachten.<\/span><\/p>\n<p align=\"JUSTIFY\"><span style=\"font-family: georgia, palatino; font-size: 14pt;\"><b>F. 109:<\/b> <i>Ist das Betrachten von Ringk\u00e4mpfen der M\u00e4nner f\u00fcr eine Frau erlaubt?<\/i><\/span><\/p>\n<p align=\"JUSTIFY\"><span style=\"font-family: georgia, palatino; font-size: 14pt;\">A: Wenn das Betrachten mit der Anwesenheit in der Ringkampfarena und mit dem direkten Betrachten dessen (verbunden) ist oder mit dem Betrachten dessen, was der Fernseher oder \u00c4hnliches mit Direkt\u00fcbertragung \u00fcbertr\u00e4gt oder es mit der Absicht der Erregung und des Zweifelhaftem erfolgt oder daraus Versuchung und Verdorbenheit bef\u00fcrchtet wird, dann ist es nicht erlaubt, ansonsten ist es zul\u00e4ssig.<\/span><\/p>\n<p align=\"JUSTIFY\"><span style=\"font-family: georgia, palatino; font-size: 14pt;\"><b>F. 110:<\/b> <i>Falls die Braut w\u00e4hrend der Hochzeitsfeier auf ihrem Kopf eine durchsichtige Bedeckung tr\u00e4gt, ist es dann f\u00fcr einen fremden Mann erlaubt, sie zu fotografieren?<\/i><\/span><\/p>\n<p align=\"JUSTIFY\"><span style=\"font-family: georgia, palatino; font-size: 14pt;\">A: Falls dieses (Fotografieren) nicht verbunden ist mit dem Betrachten des Verbotenen bei der fremden (Frau), dann ist es unbedenklich, ansonsten ist es nicht erlaubt.<\/span><\/p>\n<p align=\"JUSTIFY\"><span style=\"font-family: georgia, palatino; font-size: 14pt;\"><b>F. 111:<\/b> <i>Wie ist das Urteil zum Fotografieren der Frau, die nicht verh\u00fcllt ist, unter ihren Mahram-Verwandten? Und wie ist das Urteil (hierzu), falls die Wahrscheinlichkeit besteht, dass ein Fremder (Mann) ihre Fotos w\u00e4hrend ihrer Entwicklung und ihrer Abz\u00fcge sieht?<\/i><\/span><\/p>\n<p align=\"JUSTIFY\"><span style=\"font-family: georgia, palatino; font-size: 14pt;\">A: Falls der Fotograf, der sie ansieht und sie fotografiert, einer ihrer Mahram-Verwandten ist, dann ist es zul\u00e4ssig, sie zu fotografieren, und diese (Aufnahmen) bei einem Fotografen, der diese (Frau) nicht kennt, zu entwickeln und abziehen zu lassen.<\/span><\/p>\n<p align=\"JUSTIFY\"><span style=\"font-family: georgia, palatino; font-size: 14pt;\"><b>F. 112:<\/b> <i>Einige junge M\u00e4nner sehen sich unanst\u00e4ndige Fotos an und nennen vorgeschobenen Gr\u00fcnde f\u00fcr das Betrachten dieser (Fotos). Wie ist das Urteil dazu? Und wenn das Betrachten dieser Art von Fotos einen Teil seiner Lust abklingen l\u00e4sst, so dass dieses einen Schutz f\u00fcr ihn vor Verbotenem bewirkt, wie ist dann das Urteil dazu?<\/i><\/span><\/p>\n<p align=\"JUSTIFY\"><span style=\"font-family: georgia, palatino; font-size: 14pt;\">A: Wenn das Betrachten der Fotos mit Zweifelhaftem erfolgt, oder er wusste, dass dieses zur Stimulation der Lust f\u00fchrt, dann ist es verboten. Und, dass damit verhindert wird in etwas anderes Verbotenes verwickelt zu werden, ist keine Rechtfertigung f\u00fcr ihn, bei einer religionsrechtlich verbotenen Handlung Zuflucht zu suchen.<\/span><\/p>\n<p align=\"JUSTIFY\"><span style=\"font-family: georgia, palatino; font-size: 14pt;\"><b>F. 113:<\/b> <i>Wie ist das Urteil f\u00fcr die Anwesenheit zum Fotografieren auf Feiern, auf denen Musik gespielt und (auf denen) getanzt wird? Wie ist das Urteil zum Fotografieren durch einen Mann bei M\u00e4nnerveranstaltungen und durch eine Frau bei Frauenveranstaltungen? Wie ist das Urteil zur Entwicklung von Filmen einer Hochzeitsfeier durch einen Mann, unabh\u00e4ngig davon, ob dieser die Familie kennt oder nicht? Und wie ist das Urteil zur Entwicklung von diesen (Filmen) durch die Frau? Und ist die Verwendung von Musik bei solchen Filmen erlaubt?<\/i><\/span><\/p>\n<p align=\"JUSTIFY\"><span style=\"font-family: georgia, palatino; font-size: 14pt;\">A: Die Anwesenheit bei einer Freudenfeier und das Fotografieren durch M\u00e4nner bei M\u00e4nnerveranstaltungen und das Fotografieren durch eine Frau bei Frauenveranstaltungen ist zul\u00e4ssig, sofern dies nicht an das Zuh\u00f6ren zum Gesang [\u0178 in~ \u2019] oder mit (dem Zuh\u00f6ren) verbotener Musik verbunden ist oder an das Begehen irgendeiner anderen verbotenen Handlung. Aber das Fotografieren durch M\u00e4nner bei Frauenveranstaltungen oder das Fotografieren durch Frauen bei M\u00e4nnerveranstaltungen ist nicht erlaubt, wenn dieses mit dem Betrachten von Zweifelhaftem verbunden ist oder zu anderen Verdorbenheiten f\u00fchrt. Und die Verwendung von Musik, die sich f\u00fcr Vergn\u00fcgungsveranstaltungen eignet, ist in Filmen der Hochzeitsfeier ebenfalls verboten.<\/span><\/p>\n<p align=\"JUSTIFY\"><span style=\"font-family: georgia, palatino; font-size: 14pt;\"><b>F. 114:<\/b> <i>Unter Ber\u00fccksichtigung der Qualit\u00e4t der Filme (ausl\u00e4ndische und heimische) und der Musik, die vom Fernsehen der Islamischen Republik ausgestrahlt wird, wie ist das Urteil zum Betrachten dieser (Filme) und zum H\u00f6ren (der Musik)?<\/i><\/span><\/p>\n<p align=\"JUSTIFY\"><span style=\"font-family: georgia, palatino; font-size: 14pt;\">A: Wenn der Zuh\u00f6rer und Betrachter nach seiner Meinung erkennt, dass die Musik, die vom Rundfunk und Fernsehen ausgestrahlt wird, eine vergn\u00fcgende (Musik) ist, die sich f\u00fcr Veranstaltungen zum Vergn\u00fcgen, Stimulation und Ungehorsam eignet oder (erkennt), dass aus dem Betrachten des Filmes, der vom Fernsehen ausgestrahlt wird, f\u00fcr ihn eine Verdorbenheit folgt, dann ist es f\u00fcr ihn religionsrechtlich nicht erlaubt, (diesen) anzuh\u00f6ren und anzusehen. Und allein die Ausstrahlung von Rundfunk und Fernsehen (der Islamischen Republik Iran) ist f\u00fcr einen kein religionsrechtliches Argument zur Erlaubnis.<\/span><\/p>\n<p align=\"JUSTIFY\"><span style=\"font-family: georgia, palatino; font-size: 14pt;\"><b>F. 115:<\/b> <i>Wie ist das Urteil zur Gestaltung und zum Verkauf von Bildern, von denen behauptet wird, den Heiligen Gesandten (Muhammad) &#8211; s. &#8211; und den F\u00fcrsten der Gl\u00e4ubigen (Imam Ali) und Imam Hussain &#8211; a. &#8211; darzustellen, um diese in Regierungsgeb\u00e4uden anzuh\u00e4ngen?<\/i><\/span><\/p>\n<p align=\"JUSTIFY\"><span style=\"font-family: georgia, palatino; font-size: 14pt;\">A: An sich besteht religionsrechtlich kein Hindernis dazu, allerdings mit der Voraussetzung, dass diese (Bilder) keine Dinge beinhalten, die Erniedrigung und Herabw\u00fcrdigung gem\u00e4\u00df dem Brauch verursachen, und das diese (Bilder) nicht zur (hohen) Stellung dieser Gr\u00f6\u00dfen (a.s.) im Widerspruch stehen.<\/span><\/p>\n<p align=\"JUSTIFY\"><span style=\"font-family: georgia, palatino; font-size: 14pt;\"><b>F. 116:<\/b> <i>Wie ist das Urteil zum Lesen von B\u00fcchern und Gedichten, die unanst\u00e4ndig und Lust erregend sind?<\/i><\/span><\/p>\n<p align=\"JUSTIFY\"><span style=\"font-family: georgia, palatino; font-size: 14pt;\">A: Man ist verpflichtet, dies zu unterlassen.<\/span><\/p>\n<p align=\"JUSTIFY\"><span style=\"font-family: georgia, palatino; font-size: 14pt;\"><b>F. 117:<\/b> <i>Die Fernsehanstalten und Kan\u00e4le der Direkt\u00fcbertragung &#8211; \u00fcber Satellit &#8211; strahlen gesellschaftliche Serien aus, die von gesellschaftlichen Angelegenheiten in der westlichen Gesellschaft handeln. Aber sie beinhalten verdorbene Gedanken, wie die Ermutigung zur Durchmischung der beiden Geschlechter und Verbreitung von Unzucht bis zu einem Grad, bei dem durch diese Serien einige Gl\u00e4ubige beeinflusst werden. Wie ist das Urteil zum Betrachten dieser (Serien) f\u00fcr denjenigen, der f\u00fcr sich nicht sicher ist, dadurch beeinflusst zu werden, und gibt es einen Unterschied f\u00fcr den Fall, dass derjenige, der diese (Filme) ansieht (dieses tut), um diese zu kritisieren und deren Nachteile darzustellen und den Menschen dazu r\u00e4t, dieses (Betrachten) zu unterlassen?<\/i><\/span><\/p>\n<p align=\"JUSTIFY\"><span style=\"font-family: georgia, palatino; font-size: 14pt;\">A: Es ist niemandem erlaubt, diese Filme mit L\u00fcsternheit und Zweifelhaftem anzusehen, oder wenn durch deren Betrachtung Beeinflussung und Verdorbenheit bef\u00fcrchtet wird (ist es auch verboten). Aber das Betrachten zum Zweck der Kritik und das Informieren der Menschen \u00fcber dessen Gefahren und Nachteile ist (nur) zul\u00e4ssig f\u00fcr denjenigen, der dazu qualifiziert, und f\u00fcr sich (selbst) sicher ist, vor Beeinflussung und dem Verfall in Verdorbenheit sicher zu sein.<\/span><\/p>\n<p align=\"JUSTIFY\"><span style=\"font-family: georgia, palatino; font-size: 14pt;\"><b>F. 118:<\/b> <i>Ist das Betrachten der Haare einer Sprecherin im Fernsehen erlaubt, w\u00e4hrend sie geschminkt ist und ihren Kopf und ihr Dekollet\u00e9 enth\u00fcllt sind?<\/i><\/span><\/p>\n<p align=\"JUSTIFY\"><span style=\"font-family: georgia, palatino; font-size: 14pt;\">A: Sie allein anzusehen ist zul\u00e4ssig, sofern damit nicht die Bef\u00fcrchtung zur Versuchung und Verdorbenheit besteht und sofern die Ausstrahlung nicht in Form einer Direkt\u00fcbertragung erfolgt.<\/span><\/p>\n<p align=\"JUSTIFY\"><span style=\"font-family: georgia, palatino; font-size: 14pt;\"><b>F. 119:<\/b> <i>Ist das Betrachten von Filmen, welche die Lust stimulieren, im Fall, dass der Betrachter verheiratet ist, erlaubt?<\/i><\/span><\/p>\n<p align=\"JUSTIFY\"><span style=\"font-family: georgia, palatino; font-size: 14pt;\">A: Wenn das Betrachten mit der Absicht zur Erregung erfolgt oder dazu f\u00fchrt, dann ist es ihm nicht erlaubt.<\/span><\/p>\n<p align=\"JUSTIFY\"><span style=\"font-family: georgia, palatino; font-size: 14pt;\"><b>F. 120:<\/b> <i>Wie ist f\u00fcr verheiratete M\u00e4nner das Urteil zum Betrachten der Filme, die das Lehren der richtigen Methoden zur Ann\u00e4herung an die schwangere Frau beinhaltet, mit dem Wissen, dass dieses ihn nicht in Verbotenes verwickeln wird?<\/i><\/span><\/p>\n<p align=\"JUSTIFY\"><span style=\"font-family: georgia, palatino; font-size: 14pt;\">A: Das Betrachten solcher Art von Filmen, die nicht zu trennen sind von einem Betrachten, welches die Lust stimuliert, ist nicht erlaubt.<\/span><\/p>\n<p align=\"JUSTIFY\"><span style=\"font-family: georgia, palatino; font-size: 14pt;\"><b>F. 121:<\/b> <i>Wie ist das Urteil zur Zensur durch Angestellte des Rechtsf\u00fchrungsministeriums f\u00fcr die Sorten der Filme, Zeitschriften, (sonstige) Publikationen und Kassetten zum Zweck der Unterscheidung f\u00fcr das, was zu verbreiten erlaubt ist, von dem, was nicht erlaubt ist, unter Ber\u00fccksichtigung, dass diese (Zensur) das Betrachten selbst, das H\u00f6ren und das dazu Zuh\u00f6ren notwendig macht?<\/i><\/span><\/p>\n<p align=\"JUSTIFY\"><span style=\"font-family: georgia, palatino; font-size: 14pt;\">A: Es besteht f\u00fcr die Angestellten der Zensur kein Hindernis zum Betrachten, H\u00f6ren und Zuh\u00f6ren innerhalb der Grenzen des Notwendigen der T\u00e4tigkeit bei der Stellung zur Erledigung der gesetzlichen Aufgabe (Zensur, sofern es) mit Vorsicht gegen die Absicht zur Erregung und Zweifelhaftem (geschieht). Und man ist verpflichtet, diese Personen, die mit solchen Pr\u00fcfungen belastet sind, in ideologischer und seelischer Hinsicht unter die Obhut und Leitung der Verantwortlichen zu stellen.<\/span><\/p>\n<p align=\"JUSTIFY\"><span style=\"font-family: georgia, palatino; font-size: 14pt;\"><b>F. 122:<\/b> <i>Wie ist das Urteil zum Betrachten von Videofilmen, die manche abweichende Szenen beinhalten, mit der Absicht, diese zu zensieren und das Schlechte daraus zu beseitigen, um diese (danach) den anderen zu zeigen?<\/i><\/span><\/p>\n<p align=\"JUSTIFY\"><span style=\"font-family: georgia, palatino; font-size: 14pt;\">A: Dies ist zul\u00e4ssig, falls es zum Zweck der Bereinigung des Filmes und der Beseitigung von schlechten oder anst\u00f6\u00dfigen Szenen daraus geschieht, unter der Voraussetzung, dass derjenige, der eine solche T\u00e4tigkeit durchf\u00fchrt, davor sicher ist, in Verbotenes zu verfallen.<\/span><\/p>\n<p align=\"JUSTIFY\"><span style=\"font-family: georgia, palatino; font-size: 14pt;\"><b>F. 123:<\/b> <i>Ist f\u00fcr die Verheirateten das Betrachte von erotischen Videofilmen innerhalb des Hauses erlaubt? Und ist es f\u00fcr denjenigen, der mit Erektionsschw\u00e4che belastet ist, erlaubt, diese Filme zu sehen, mit der Absicht seine (eigene) Lust anzuregen, damit es m\u00f6glich wird, sich seiner Ehefrau anzun\u00e4hern?<\/i><\/span><\/p>\n<p align=\"JUSTIFY\"><span style=\"font-family: georgia, palatino; font-size: 14pt;\">A: Die Stimulation der Lust durch das Betrachten von erotischen Videofilmen ist nicht erlaubt.<\/span><\/p>\n<p align=\"JUSTIFY\"><span style=\"font-family: georgia, palatino; font-size: 14pt;\"><b>F. 124:<\/b> <i>Wie ist das Urteil zum Betrachten von Filmen und Fotos, die vom islamischen Staat gesetzlich verboten sind, (und diese) im Geheimen anzusehen, falls daraus keine Verdorbenheit entsteht? Und wie ist das Urteil (hierzu) f\u00fcr die jungen Ehepaare?<\/i><\/span><\/p>\n<p align=\"JUSTIFY\"><span style=\"font-family: georgia, palatino; font-size: 14pt;\">A: Mit der Annahme, dass dieses (gesetzlich) verboten ist, ist es (religionsrechtlich) bedenklich.<\/span><\/p>\n<p align=\"JUSTIFY\"><span style=\"font-family: georgia, palatino; font-size: 14pt;\"><b>F. 125:<\/b> <i>Wie ist das Urteil zum Betrachten von Filmen, die manchmal Entw\u00fcrdigung der Heiligt\u00fcmer des Islamischen Staates und der Stellung der gro\u00dfen F\u00fchrung beinhalten?<\/i><\/span><\/p>\n<p align=\"JUSTIFY\"><span style=\"font-family: georgia, palatino; font-size: 14pt;\">A: Man ist verpflichtet, dies zu unterlassen.<\/span><\/p>\n<p align=\"JUSTIFY\"><span style=\"font-family: georgia, palatino; font-size: 14pt;\"><b>F. 126:<\/b> <i>Wie ist das Urteil zum Betrachten von iranischen Filmen, welche nach dem Sieg der (islamischen) Revolution produziert wurden und welche die Frauen in diesen Filmen mit einer schlechten islamischen Frauenbedeckung [h.i\u2122 ~ b] zeigen und welche manchmal schlechte Aufforderungen beinhalten?<\/i><\/span><\/p>\n<p align=\"JUSTIFY\"><span style=\"font-family: georgia, palatino; font-size: 14pt;\">A: F\u00fcr das Betrachten dieser Filme besteht grunds\u00e4tzlich kein Hindernis an sich, wenn dieses nicht mit der Absicht zur Erregung und zu Zweifelhaftem geschieht und nicht den Verfall in Verdorbenheit bewirkt. Aber die Produzenten der Filme sind verpflichtet, die Vorbereitung und die Herstellung dessen, was der islamischen wertvollen Lehre widerspricht, zu unterlassen.<\/span><\/p>\n<p align=\"JUSTIFY\"><span style=\"font-family: georgia, palatino; font-size: 14pt;\"><b>F. 127:<\/b> <i>Wie ist das Urteil zur Verbreitung und Darstellung von Filmen, die das Rechtsf\u00fchrungsministerium unterst\u00fctzt? Und wie ist das Urteil zur Verbreitung von Musikkassetten an den Universit\u00e4ten, die dieses Ministerium ebenfalls unterst\u00fctzt?<\/i><\/span><\/p>\n<p align=\"JUSTIFY\"><span style=\"font-family: georgia, palatino; font-size: 14pt;\">A: Falls die Filme oder Kassetten nach Ansicht des religi\u00f6s Erwachsenen<i> <\/i>Ges\u00e4nge [\u0178 ina\u2018] oder stimulierende Vergn\u00fcgungsmusik beinhalten, die sich f\u00fcr Veranstaltungen zur Vergn\u00fcgung und Ungehorsam eignet, dann ist es f\u00fcr ihn nicht erlaubt, diese zu verbreiten, darzustellen, anzusehen oder zu h\u00f6ren. Und allein die Unterst\u00fctzung einiger verantwortlicher Beh\u00f6rden ist kein religionsrechtliches Argument f\u00fcr die Erlaubnis f\u00fcr den religi\u00f6s Erwachsenen, sofern sich seine Ansicht \u00fcber die Bewertung des Themas von der Ansicht der Unterst\u00fctzer unterscheidet.<\/span><\/p>\n<p align=\"JUSTIFY\"><span style=\"font-family: georgia, palatino; font-size: 14pt;\"><b>F. 128:<\/b> <i>Wie ist das Urteil zum Verkauf, Kauf und der Aneignung von Zeitschriften \u00fcber Frauenbedeckung, welche Fotos von fremden Frauen beinhalten, und die zum Ausw\u00e4hlen von Bekleidungsartikeln genutzt werden?<\/i><\/span><\/p>\n<p align=\"JUSTIFY\"><span style=\"font-family: georgia, palatino; font-size: 14pt;\">A: Allein der Inhalt von Fotos von Fremden (Frauen) ist kein Hindernis daf\u00fcr, diese zu verkaufen, zu kaufen und diese f\u00fcr das Ausw\u00e4hlen von Bekleidungsartikeln zu nutzen.<\/span><\/p>\n<p align=\"JUSTIFY\"><span style=\"font-family: georgia, palatino; font-size: 14pt;\"><b>F. 129:<\/b> <i>Ist der Verkauf und Kauf einer Videokamera erlaubt?<\/i><\/span><\/p>\n<p align=\"JUSTIFY\"><span style=\"font-family: georgia, palatino; font-size: 14pt;\">A: Der Kauf und Verkauf eines Filmapparats an sich ist zul\u00e4ssig, sofern das nicht zum Zweck der Nutzung f\u00fcr Verbotenes erfolgt.<\/span><\/p>\n<p align=\"JUSTIFY\"><span style=\"font-family: georgia, palatino; font-size: 14pt;\"><b>F. 130:<\/b> <i>Wie ist das Urteil zum Kauf, Verkauf und Verleih von verwerflichen Videofilmen und des Video(-ger\u00e4ts) an sich?<\/i><\/span><\/p>\n<p align=\"JUSTIFY\"><span style=\"font-family: georgia, palatino; font-size: 14pt;\">A: Falls die Filme unmoralische Bilder beinhalten, welche die Lust stimulieren und Abweichung und Verdorbenheit bewirken oder Ges\u00e4nge [\u0178 ina\u2018] oder stimulierende Vergn\u00fcgungsmusik, die sich f\u00fcr Vergn\u00fcgungs- und Ungehorsamkeitsveranstaltungen eignen, dann ist deren Produktion, Verkauf, Kauf und Verleih oder der Verleih von Video(-Abspielger\u00e4ten), um diese daf\u00fcr zu nutzen, nicht erlaubt.<\/span><\/p>\n<p align=\"JUSTIFY\"><span style=\"font-family: georgia, palatino; font-size: 14pt;\"><b>F. 131:<\/b> <i>Ist das Zuh\u00f6ren zum ausl\u00e4ndischen Rundfunk f\u00fcr Nachrichten und wissenschaftliche (und) kulturelle Programme erlaubt?<\/i><\/span><\/p>\n<p align=\"JUSTIFY\"><span style=\"font-family: georgia, palatino; font-size: 14pt;\">A: Es besteht kein Hindernis dagegen, sofern dies nicht Verdorbenheit und Abweichung bewirkt.<\/span><\/p>\n","protected":false},"excerpt":{"rendered":"<p>F. 102: Wie ist das Urteil zum Betrachten des Fotos einer fremden unbedeckten Frau? Und wie ist das Urteil zum<\/p>\n","protected":false},"author":1,"featured_media":0,"parent":549,"menu_order":0,"comment_status":"closed","ping_status":"closed","template":"","meta":{"colormag_page_container_layout":"default_layout","colormag_page_sidebar_layout":"default_layout","footnotes":""},"class_list":["post-939","page","type-page","status-publish","hentry"],"_links":{"self":[{"href":"http:\/\/www.ahl-ul-bait.de\/imam-chamenei\/wp-json\/wp\/v2\/pages\/939","targetHints":{"allow":["GET"]}}],"collection":[{"href":"http:\/\/www.ahl-ul-bait.de\/imam-chamenei\/wp-json\/wp\/v2\/pages"}],"about":[{"href":"http:\/\/www.ahl-ul-bait.de\/imam-chamenei\/wp-json\/wp\/v2\/types\/page"}],"author":[{"embeddable":true,"href":"http:\/\/www.ahl-ul-bait.de\/imam-chamenei\/wp-json\/wp\/v2\/users\/1"}],"replies":[{"embeddable":true,"href":"http:\/\/www.ahl-ul-bait.de\/imam-chamenei\/wp-json\/wp\/v2\/comments?post=939"}],"version-history":[{"count":1,"href":"http:\/\/www.ahl-ul-bait.de\/imam-chamenei\/wp-json\/wp\/v2\/pages\/939\/revisions"}],"predecessor-version":[{"id":940,"href":"http:\/\/www.ahl-ul-bait.de\/imam-chamenei\/wp-json\/wp\/v2\/pages\/939\/revisions\/940"}],"up":[{"embeddable":true,"href":"http:\/\/www.ahl-ul-bait.de\/imam-chamenei\/wp-json\/wp\/v2\/pages\/549"}],"wp:attachment":[{"href":"http:\/\/www.ahl-ul-bait.de\/imam-chamenei\/wp-json\/wp\/v2\/media?parent=939"}],"curies":[{"name":"wp","href":"https:\/\/api.w.org\/{rel}","templated":true}]}}