{"id":941,"date":"2022-10-20T13:07:30","date_gmt":"2022-10-20T11:07:30","guid":{"rendered":"http:\/\/khamenei.de\/wordpress\/?page_id=941"},"modified":"2022-10-20T13:07:31","modified_gmt":"2022-10-20T11:07:31","slug":"satellitenschuessel","status":"publish","type":"page","link":"http:\/\/www.ahl-ul-bait.de\/imam-chamenei\/satellitenschuessel\/","title":{"rendered":"Satellitensch\u00fcssel"},"content":{"rendered":"<p align=\"JUSTIFY\"><span style=\"font-family: georgia, palatino; font-size: 14pt;\"><b>F. 132:<\/b> <i>Ist der Kauf, die Aneignung und Verwendung eines Ger\u00e4ts zum Empfang von Fernsehprogrammen aus Satellitensch\u00fcsseln erlaubt, und wie ist das Urteil falls, man es kostenlos erh\u00e4lt?<\/i><\/span><\/p>\n<p align=\"JUSTIFY\"><span style=\"font-family: georgia, palatino; font-size: 14pt;\">A: Das Urteil zum Satellitenger\u00e4t ist das (gleiche) Urteil wie f\u00fcr ein Ger\u00e4t, bei dem das beides g\u00fcltig ist (je nach Fall), das Verbot f\u00fcr dessen Verkauf, Kauf und Aneignung, um es f\u00fcr verbotene Dinge zu nutzen, als auch die Erlaubnis, falls es f\u00fcr einen erlaubten Nutzen daraus ist, da das (Ger\u00e4t selbst) allein ein Instrument f\u00fcr den Empfang von Fernsehprogrammen ist, einschlie\u00dflich dem, was es an verbotenen und erlaubten Programmen mit sich bringt. Und da dieses Ger\u00e4t es demjenigen, der es hat, erleichtert, in das Empfangen von verbotenen Programmen verwickelt zu werden und es m\u00f6glich ist, dass aus der Aneignung von diesem (Ger\u00e4t) Verdorbenheit folgt, ist dessen Kauf und Aneignung daher nicht erlaubt, au\u00dfer f\u00fcr denjenigen, der sich selbst sicher ist, dass er es nicht zu Verbotenem nutzen wird, es nicht demjenigen zug\u00e4nglich macht, der es verboten nutzen m\u00f6chte, und aus deren Erhalt oder Aneignung in seinem Haus keine Verdorbenheit folgt.<\/span><\/p>\n<p align=\"JUSTIFY\"><span style=\"font-family: georgia, palatino; font-size: 14pt;\"><b>F. 133:<\/b> <i>Ist es f\u00fcr denjenigen, der au\u00dferhalb des Islamischen Staates lebt, erlaubt, dasjenige Ger\u00e4t zu kaufen, das Satellitensender empf\u00e4ngt, um die Satellitensender des Islamischen Staates zu verfolgen?<\/i><\/span><\/p>\n<p align=\"JUSTIFY\"><span style=\"font-family: georgia, palatino; font-size: 14pt;\">A: Selbst wenn dieses (Ger\u00e4t) zu den (bez\u00fcglich Erlaubnis und Verbot) gemeinsamen Ger\u00e4ten geh\u00f6rt, die in der Lage sind, (auch) f\u00fcr Erlaubtes genutzt zu werden, ist der Kauf und die Verwendung des erw\u00e4hnten Ger\u00e4tes im Haus nicht erlaubt, weil man zus\u00e4tzlich zu anderen Verdorbenheiten meistens von diesem (Ger\u00e4t) mit verbotenem Nutzen heimgesucht wird, der aus der Verwendung von diesem (Ger\u00e4t) im Haus folgt, (der Kauf ist verboten) au\u00dfer f\u00fcr denjenigen, der sicher ist, dass er es auf keinen Fall f\u00fcr Verbotenes verwendet wird und keine Verdorbenheit aufgrund der Aufstellung von diesem (Ger\u00e4t) im Haus folgt.<\/span><\/p>\n<p align=\"JUSTIFY\"><span style=\"font-family: georgia, palatino; font-size: 14pt;\"><b>F. 134:<\/b> <i>Wie ist das Urteil, falls die M\u00f6glichkeit der Funktion des Empfangsger\u00e4ts zus\u00e4tzlich zum Sender des Islamischen Staates auf einige Golf(-Staaten) und arabische (Fernseh-)Anstalten f\u00fcr Nachrichten und n\u00fctzliche Programme begrenzt ist, bei Entfernung aller westlicher und verdorbener (Fernseh-)Anstalten?<\/i><\/span><\/p>\n<p align=\"JUSTIFY\"><span style=\"font-family: georgia, palatino; font-size: 14pt;\">A: Ma\u00dfstab f\u00fcr die Erlaubnis zur Verwendung solcher Ger\u00e4te zum Empfang der Programme von Fernsehanstalten ist das, was bereits erw\u00e4hnt wurde, ohne Unterschied zwischen westlichen und anderen Kan\u00e4len.<\/span><\/p>\n<p align=\"JUSTIFY\"><span style=\"font-family: georgia, palatino; font-size: 14pt;\"><b>F. 135:<\/b> <i>Wie ist das Urteil zur Verwendung des Ger\u00e4tes zum Empfang von Satelliten, um wissenschaftliche und qur\u2019anische Programme und \u00c4hnliches anzusehen, die mittels Satelliten von Sendern der westlichen Staaten oder Staaten, die Anrainerstaaten des Persischen Golfs sind und anderen ausgestrahlt werden?<\/i><\/span><\/p>\n<p align=\"JUSTIFY\"><span style=\"font-family: georgia, palatino; font-size: 14pt;\">A: Gegen eine Verwendung des erw\u00e4hnten Ger\u00e4tes zum Betrachten und Anh\u00f6ren wissenschaftlicher und qur\u2019anischer Programme und \u00c4hnlichem gibt es zwar selbst kein Hindernis, aber die Programme, die mittels Satellit von den Sendern westlicher Staaten und den meisten Nachbarl\u00e4ndern ausgestrahlt werden, beinhalten zus\u00e4tzlich zu Programmen zum Vergn\u00fcgen und zur Verdorbenheit meistens die Belehrung mit verworfenen Ideologien und Verf\u00e4lschung der Wahrheiten, und selbst das Betrachten von deren wissenschaftlichen und qur\u2019anischen Programmen verursacht m\u00f6glicherweise den Verfall in Verdorbenheit und Heimsuchung des Verbotenen, deshalb ist dann religionsrechtlich die Nutzung dieses Empfangsger\u00e4tes verboten, um diese Programme zu empfangen, au\u00dfer, die Programme sind rein wissenschaftliche, n\u00fctzliche oder qur\u2019anische und \u00e4hnliche und deren Betrachtung ist nicht mit Verdorbenheit oder Heimsuchung jeglicher verbotener Handlung verbunden.<\/span><\/p>\n<p align=\"JUSTIFY\"><span style=\"font-family: georgia, palatino; font-size: 14pt;\"><b>F. 136:<\/b> <i>Meine Arbeit ist die Reparatur der Ger\u00e4te zum Empfang der Programme von Funk und Fernsehen, und in letzter Zeit kamen Nachfragen von den Kunden, um Ger\u00e4te zum Empfang durch Satelliten(-Sch\u00fcsseln) zu installieren und zu reparieren. Was ist unsere religionsrechtliche Verpflichtung bei dieser (Arbeit)? Und wie ist das Urteil zum Verkauf und Kauf von den Teilen dieses Ger\u00e4tes?<\/i><\/span><\/p>\n<p align=\"JUSTIFY\"><span style=\"font-family: georgia, palatino; font-size: 14pt;\">A: Falls die Nutzung von einem solchen Ger\u00e4t f\u00fcr Verbotenes ist, wie es meistens (der Fall) ist, oder Sie das Wissen haben, dass derjenige, der es erhalten m\u00f6chte, es zu Verbotenem nutzen wird, dann ist dessen Verkauf, Kauf, Installation, Inbetriebnahme, Reparatur und der Verkauf von dessen Teilen nicht erlaubt.<\/span><\/p>\n","protected":false},"excerpt":{"rendered":"<p>F. 132: Ist der Kauf, die Aneignung und Verwendung eines Ger\u00e4ts zum Empfang von Fernsehprogrammen aus Satellitensch\u00fcsseln erlaubt, und wie<\/p>\n","protected":false},"author":1,"featured_media":0,"parent":0,"menu_order":0,"comment_status":"closed","ping_status":"closed","template":"","meta":{"colormag_page_container_layout":"default_layout","colormag_page_sidebar_layout":"default_layout","footnotes":""},"class_list":["post-941","page","type-page","status-publish","hentry"],"_links":{"self":[{"href":"http:\/\/www.ahl-ul-bait.de\/imam-chamenei\/wp-json\/wp\/v2\/pages\/941","targetHints":{"allow":["GET"]}}],"collection":[{"href":"http:\/\/www.ahl-ul-bait.de\/imam-chamenei\/wp-json\/wp\/v2\/pages"}],"about":[{"href":"http:\/\/www.ahl-ul-bait.de\/imam-chamenei\/wp-json\/wp\/v2\/types\/page"}],"author":[{"embeddable":true,"href":"http:\/\/www.ahl-ul-bait.de\/imam-chamenei\/wp-json\/wp\/v2\/users\/1"}],"replies":[{"embeddable":true,"href":"http:\/\/www.ahl-ul-bait.de\/imam-chamenei\/wp-json\/wp\/v2\/comments?post=941"}],"version-history":[{"count":1,"href":"http:\/\/www.ahl-ul-bait.de\/imam-chamenei\/wp-json\/wp\/v2\/pages\/941\/revisions"}],"predecessor-version":[{"id":943,"href":"http:\/\/www.ahl-ul-bait.de\/imam-chamenei\/wp-json\/wp\/v2\/pages\/941\/revisions\/943"}],"wp:attachment":[{"href":"http:\/\/www.ahl-ul-bait.de\/imam-chamenei\/wp-json\/wp\/v2\/media?parent=941"}],"curies":[{"name":"wp","href":"https:\/\/api.w.org\/{rel}","templated":true}]}}