{"id":951,"date":"2022-10-20T13:11:04","date_gmt":"2022-10-20T11:11:04","guid":{"rendered":"http:\/\/khamenei.de\/wordpress\/?page_id=951"},"modified":"2022-10-20T13:11:05","modified_gmt":"2022-10-20T11:11:05","slug":"zauberei-gaukelei-und-anrufung-von-seelen-und-dschinn","status":"publish","type":"page","link":"http:\/\/www.ahl-ul-bait.de\/imam-chamenei\/zauberei-gaukelei-und-anrufung-von-seelen-und-dschinn\/","title":{"rendered":"Zauberei, Gaukelei und Anrufung von Seelen und Dschinn"},"content":{"rendered":"<p align=\"JUSTIFY\"><span style=\"font-size: 14pt; font-family: georgia, palatino;\"><b>F. 149:<\/b> <i>Wie ist das Urteil zum Lehren, Lernen und Betrachten von Gaukelei und die Veranstaltung von Spielen, die von der Handschnelligkeit abh\u00e4ngig sind?<\/i><\/span><\/p>\n<p align=\"JUSTIFY\"><span style=\"font-size: 14pt; font-family: georgia, palatino;\">A: Das Lehren und Lernen der Gaukelei ist verboten. Aber Spiele (ohne Wetteinsatz), die von der Geschwindigkeit der Bewegung und der Schnelligkeit der Hand abh\u00e4ngig sind und nicht zu den Sorten der Gaukelei geh\u00f6ren, sind zul\u00e4ssig.<\/span><\/p>\n<p align=\"JUSTIFY\"><span style=\"font-size: 14pt; font-family: georgia, palatino;\"><b>F. 150:<\/b> <i>Ist das Lernen des Wissens der Wahrsagerei, der Geomantie, der Astrologie und anderem von dem Wissen, das \u00fcber das Verborgene Voraussagen trifft, erlaubt?<\/i><\/span><\/p>\n<p align=\"JUSTIFY\"><span style=\"font-size: 14pt; font-family: georgia, palatino;\">A: Was die Menschen von diesem Wissen in der jetzigen Zeit haben, ist zumeist ung\u00fcltig, um sich darauf zu verlassen auf eine Weise, die dem Vertrauen und der Sicherheit n\u00fctzlich ist f\u00fcr die Enth\u00fcllung des Verborgenen und dieses vorauszusagen. Aber es ist zul\u00e4ssig, \u00c4hnliches wie Wahrsagerei und Geomantie auf eine richtige Weise zu lernen, wenn daraus keine Verdorbenheit erfolgt.<\/span><\/p>\n<p align=\"JUSTIFY\"><span style=\"font-size: 14pt; font-family: georgia, palatino;\"><b>F. 151:<\/b> <i>Ist das Lernen von Zauberei und das Handeln damit erlaubt, wie auch das Herbeirufen der Seelen, der Engel und der Dschinn?<\/i><\/span><\/p>\n<p align=\"JUSTIFY\"><span style=\"font-size: 14pt; font-family: georgia, palatino;\">A: Das Wissen der Zauberei ist religionsrechtlich verboten und entsprechend auch, dieses zu erlernen, au\u00dfer es ist f\u00fcr einen vern\u00fcnftigen erlaubten Zweck. Aber das Herbeirufen der Seelen, der Engel und der Dschinn ist, vorausgesetzt, dass dieses (\u00fcberhaupt) g\u00fcltig und glaubw\u00fcrdig ist, unterschiedlich (zu bewerten) gem\u00e4\u00df dem Unterschied der F\u00e4lle, der Mittel und der Zwecke.<\/span><\/p>\n<p align=\"JUSTIFY\"><span style=\"font-size: 14pt; font-family: georgia, palatino;\"><b>F. 152:<\/b> <i>Wie ist das Urteil zur Hinwendung der Gl\u00e4ubigen an einige (Personen), die Behandlung mittels Verwendung von Seelen und Dschinn durchf\u00fchren mit der Sicherheit dieser (Gl\u00e4ubigen), dass diese (Personen) nichts Anderes als Gutes tun?<\/i><\/span><\/p>\n<p align=\"JUSTIFY\"><span style=\"font-size: 14pt; font-family: georgia, palatino;\">A: Es gibt dazu an sich kein Hindernis, falls die Behandlung wahr ist, mit religionsrechtlich erlaubten Mitteln.<\/span><\/p>\n<p align=\"JUSTIFY\"><span style=\"font-size: 14pt; font-family: georgia, palatino;\"><b>F. 153:<\/b> <i>Ist die Geomantie und das Streben nach Unterhalt daraus religionsrechtlich erlaubt?<\/i><\/span><\/p>\n<p align=\"JUSTIFY\"><span style=\"font-size: 14pt; font-family: georgia, palatino;\">A: Es ist nicht erlaubt.<\/span><\/p>\n","protected":false},"excerpt":{"rendered":"<p>F. 149: Wie ist das Urteil zum Lehren, Lernen und Betrachten von Gaukelei und die Veranstaltung von Spielen, die von<\/p>\n","protected":false},"author":1,"featured_media":0,"parent":0,"menu_order":0,"comment_status":"closed","ping_status":"closed","template":"","meta":{"colormag_page_container_layout":"default_layout","colormag_page_sidebar_layout":"default_layout","footnotes":""},"class_list":["post-951","page","type-page","status-publish","hentry"],"_links":{"self":[{"href":"http:\/\/www.ahl-ul-bait.de\/imam-chamenei\/wp-json\/wp\/v2\/pages\/951","targetHints":{"allow":["GET"]}}],"collection":[{"href":"http:\/\/www.ahl-ul-bait.de\/imam-chamenei\/wp-json\/wp\/v2\/pages"}],"about":[{"href":"http:\/\/www.ahl-ul-bait.de\/imam-chamenei\/wp-json\/wp\/v2\/types\/page"}],"author":[{"embeddable":true,"href":"http:\/\/www.ahl-ul-bait.de\/imam-chamenei\/wp-json\/wp\/v2\/users\/1"}],"replies":[{"embeddable":true,"href":"http:\/\/www.ahl-ul-bait.de\/imam-chamenei\/wp-json\/wp\/v2\/comments?post=951"}],"version-history":[{"count":1,"href":"http:\/\/www.ahl-ul-bait.de\/imam-chamenei\/wp-json\/wp\/v2\/pages\/951\/revisions"}],"predecessor-version":[{"id":953,"href":"http:\/\/www.ahl-ul-bait.de\/imam-chamenei\/wp-json\/wp\/v2\/pages\/951\/revisions\/953"}],"wp:attachment":[{"href":"http:\/\/www.ahl-ul-bait.de\/imam-chamenei\/wp-json\/wp\/v2\/media?parent=951"}],"curies":[{"name":"wp","href":"https:\/\/api.w.org\/{rel}","templated":true}]}}