{"id":954,"date":"2022-10-20T13:11:42","date_gmt":"2022-10-20T11:11:42","guid":{"rendered":"http:\/\/khamenei.de\/wordpress\/?page_id=954"},"modified":"2024-01-31T17:19:53","modified_gmt":"2024-01-31T16:19:53","slug":"hypnose","status":"publish","type":"page","link":"http:\/\/www.ahl-ul-bait.de\/imam-chamenei\/rechtsfragen\/hypnose\/","title":{"rendered":"Hypnose"},"content":{"rendered":"<p align=\"JUSTIFY\"><span style=\"font-size: 14pt; font-family: georgia, palatino;\"><b>F. 154:<\/b> <i>Ist Hypnose erlaubt?<\/i><\/span><\/p>\n<p align=\"JUSTIFY\"><span style=\"font-size: 14pt; font-family: georgia, palatino;\">A: Es ist zul\u00e4ssig, sofern es f\u00fcr ein vern\u00fcnftiges Ziel und mit dem Einverst\u00e4ndnis desjenigen ist, den man hypnotisieren m\u00f6chte.<\/span><\/p>\n<p align=\"JUSTIFY\"><span style=\"font-size: 14pt; font-family: georgia, palatino;\"><b>F. 155:<\/b> <i>Einige f\u00fchren Hypnose von Personen durch (allerdings) nicht mit der Absicht der Behandlung, sondern mit der Absicht zum Aufzeigen der seelischen F\u00e4higkeit des Menschen. Ist diese Handlung erlaubt? Und ist es f\u00fcr die einzelnen (Personen), die das trainiert haben, ohne dass sie Spezialisten sind, erlaubt, diese Handlung durchzuf\u00fchren?<\/i><\/span><\/p>\n<p align=\"JUSTIFY\"><span style=\"font-size: 14pt; font-family: georgia, palatino;\">A: Im Allgemeinen gibt es kein Hindernis zum der Lernen der Hypnose oder deren Anwendung f\u00fcr vern\u00fcnftige erlaubte bedeutende Zwecke unter der Voraussetzung, dass diese mit der Zustimmung und dem Einverst\u00e4ndnis desjenigen erfolgt, den man hypnotisieren will.<\/span><\/p>\n","protected":false},"excerpt":{"rendered":"<p>F. 154: Ist Hypnose erlaubt? A: Es ist zul\u00e4ssig, sofern es f\u00fcr ein vern\u00fcnftiges Ziel und mit dem Einverst\u00e4ndnis desjenigen<\/p>\n","protected":false},"author":1,"featured_media":0,"parent":549,"menu_order":0,"comment_status":"closed","ping_status":"closed","template":"","meta":{"colormag_page_container_layout":"default_layout","colormag_page_sidebar_layout":"default_layout","footnotes":""},"class_list":["post-954","page","type-page","status-publish","hentry"],"_links":{"self":[{"href":"http:\/\/www.ahl-ul-bait.de\/imam-chamenei\/wp-json\/wp\/v2\/pages\/954","targetHints":{"allow":["GET"]}}],"collection":[{"href":"http:\/\/www.ahl-ul-bait.de\/imam-chamenei\/wp-json\/wp\/v2\/pages"}],"about":[{"href":"http:\/\/www.ahl-ul-bait.de\/imam-chamenei\/wp-json\/wp\/v2\/types\/page"}],"author":[{"embeddable":true,"href":"http:\/\/www.ahl-ul-bait.de\/imam-chamenei\/wp-json\/wp\/v2\/users\/1"}],"replies":[{"embeddable":true,"href":"http:\/\/www.ahl-ul-bait.de\/imam-chamenei\/wp-json\/wp\/v2\/comments?post=954"}],"version-history":[{"count":1,"href":"http:\/\/www.ahl-ul-bait.de\/imam-chamenei\/wp-json\/wp\/v2\/pages\/954\/revisions"}],"predecessor-version":[{"id":956,"href":"http:\/\/www.ahl-ul-bait.de\/imam-chamenei\/wp-json\/wp\/v2\/pages\/954\/revisions\/956"}],"up":[{"embeddable":true,"href":"http:\/\/www.ahl-ul-bait.de\/imam-chamenei\/wp-json\/wp\/v2\/pages\/549"}],"wp:attachment":[{"href":"http:\/\/www.ahl-ul-bait.de\/imam-chamenei\/wp-json\/wp\/v2\/media?parent=954"}],"curies":[{"name":"wp","href":"https:\/\/api.w.org\/{rel}","templated":true}]}}