{"id":957,"date":"2022-10-20T13:12:23","date_gmt":"2022-10-20T11:12:23","guid":{"rendered":"http:\/\/khamenei.de\/wordpress\/?page_id=957"},"modified":"2024-01-31T17:22:24","modified_gmt":"2024-01-31T16:22:24","slug":"lotterie","status":"publish","type":"page","link":"http:\/\/www.ahl-ul-bait.de\/imam-chamenei\/rechtsfragen\/lotterie\/","title":{"rendered":"Lotterie"},"content":{"rendered":"<p align=\"JUSTIFY\"><span style=\"font-size: 14pt; font-family: georgia, palatino;\"><b>F. 156:<\/b> <i>Wie ist das Urteil zum Verkauf und Kauf von Lotterielosen, und wie ist das Urteil zum Gewinn, die der religi\u00f6s Erwachsene daraus erzielt?<\/i><\/span><\/p>\n<p align=\"JUSTIFY\"><span style=\"font-size: 14pt; font-family: georgia, palatino;\">A: Der Kauf und Verkauf von Lotterielosen ist ung\u00fcltig, und der Gewinner besitzt nicht den Gewinn, und ihm steht es nicht zu, diesen anzunehmen.<\/span><\/p>\n<p align=\"JUSTIFY\"><span style=\"font-size: 14pt; font-family: georgia, palatino;\"><b>F. 157:<\/b> <i>In einigen F\u00e4llen erh\u00e4lt ein Gl\u00e4ubiger Lotterielose, ohne dass er daf\u00fcr etwas an G\u00fctern ausgibt, wie (beispielsweise) wenn er diese (Lose) von der Stra\u00dfe erh\u00e4lt, jemand ihm diese kostenlos ausgeh\u00e4ndigt oder ein Wohnungsunternehmen diese zu ihm nach Hause geschickt hat, wobei dieses ein Unternehmen ist, das versucht, mehr Mieter zu bekommen durch die Verschickung der erw\u00e4hnten Lose an die Personen. Ist die Annahme dieses Papiers von einigen Unternehmen oder von Personen im Land des Unglaubens oder sie beispielsweise von der Stra\u00dfe aufzuheben, erlaubt? Falls das vorher erw\u00e4hnte Wohnungsunternehmen (nur) eine einzige finanzielle Quelle hat und dieses G\u00fcter sind, die es durch den Verkauf der Lotterielose erh\u00e4lt, wie ist dann das Urteil? Und falls Zweifel bestehen \u00fcber die finanziellen Quellen dieses Unternehmens, ist dann die Entgegen dessen Gewinns erlaubt? Und mit Annahme des Verbots, wie ist es m\u00f6glich, das Eigentum zu reinigen, falls der Gl\u00e4ubige den Gewinn (bereits) angenommen und ausgegeben hat, weil er gedacht hat, dieses sei erlaubt, mit dem Wissen, dass er gewonnen hat, ohne etwas von seinem Eigentum (daf\u00fcr) auszugeben?<\/i><\/span><\/p>\n<p align=\"JUSTIFY\"><span style=\"font-size: 14pt; font-family: georgia, palatino;\">A: Die Annahme und das Nehmen des Loses an sich ist zul\u00e4ssig, aber die Annahme und das Nehmen von dem, was man unter der Bezeichnung Gewinn des Lotterieloses auszahlt, ist nicht erlaubt ohne Unterschied, ob man den Schein von der Stra\u00dfe aufgehoben oder kostenlos von jemanden angenommen oder mit (Ausgabe von) G\u00fctern erworben hat, au\u00dfer man stellt fest, dass der Verteiler der Lose sie von seinen erlaubten G\u00fctern kostenlos verteilt zum Zweck des Verschenkens eines Geschenks durch Zufallsentscheidung f\u00fcr denjenigen, der ein Los hat.<\/span><\/p>\n<p align=\"JUSTIFY\"><span style=\"font-size: 14pt; font-family: georgia, palatino;\"><b>F. 158:<\/b> <i>Jemand hat ein Auto, welches er zum Gl\u00fccksspiel angeboten hat, und dieses erfolgte auf folgende Weise: Der Teilnehmer kauft einen Schein, f\u00fcr den an einem bestimmten Datum mit einem bestimmten Wert Lose gezogen werden. Und wenn die Zeit (des Kaufs der Lose) zu Ende ist, und eine bestimmte Zahl von Menschen teilgenommen hat, erfolgt die Ziehung der Lose, so dass derjenige gewinnt, dessen Schein gezogen wird, und er das Auto f\u00fcr den h\u00f6heren (zu entrichtenden) Wert erh\u00e4lt. Ist diese Methode f\u00fcr den Verkauf eines Autos mittels Losziehen religionsrechtlich erlaubt?<\/i><\/span><\/p>\n<p align=\"JUSTIFY\"><span style=\"font-size: 14pt; font-family: georgia, palatino;\">A: Der Verkauf des Autos an jemanden, der mittels Ziehen eines Loses ermittelt wird, ist zul\u00e4ssig, sofern der Kauf und der Verkauf (des Autos) bei der Ziehung der Lose stattfindet und die Lose einen bestimmten Schein betreffen. Aber dass der Verk\u00e4ufer das Eigentum der anderen, die an ihn Geld f\u00fcr die Teilnahme am Losziehen bezahlt haben, verschlingt, geh\u00f6rt zum Verschlingen von unrechtm\u00e4\u00dfigem Eigentum, und er ist verpflichtet, dieses (Eigentum) an diese (Teilnehmer ohne Losgl\u00fcck) zur\u00fcckzuzahlen.<\/span><\/p>\n<p align=\"JUSTIFY\"><span style=\"font-size: 14pt; font-family: georgia, palatino;\"><b>F. 159:<\/b> <i>Ist der Verkauf von Scheinen zum Sammeln von Spenden f\u00fcr gute Taten von der Allgemeinheit der Menschen erlaubt, wobei sp\u00e4ter ein Losverfahren durchgef\u00fchrt und ein Teil der gesammelten G\u00fcter als Geschenk f\u00fcr die Gewinner gegeben wird und die \u00fcbrigen G\u00fcter (z.B.) f\u00fcr den islamischen Widerstand verbleiben?<\/i><\/span><\/p>\n<p align=\"JUSTIFY\"><span style=\"font-size: 14pt; font-family: georgia, palatino;\">A: Diese Handlung als Kauf zu bezeichnen ist ung\u00fcltig, allerdings ist die Verteilung von Scheinen zur Aufforderung zum Spenden f\u00fcr die Unterst\u00fctzung des islamischen Widerstands zul\u00e4ssig, und es ist erlaubt, die Spender zum Spenden zu ermutigen, zu motivieren und aufzufordern mit dem Versprechen, demjenigen ein Geschenk zu geben, wenn ein Los mit dessen Namen gezogen wird.<\/span><\/p>\n<p align=\"JUSTIFY\"><span style=\"font-size: 14pt; font-family: georgia, palatino;\"><b>F. 160:<\/b> <i>Ist der Kauf eines Scheins zum Ziehen von Gl\u00fcckslosen \u2013 Lotto &#8211; erlaubt unter Ber\u00fccksichtigung, dass er Eigentum eines Privatunternehmens ist und 20% seines Gewinns an Fraueninstitutionen f\u00fcr gute Zwecke geht?<\/i><\/span><\/p>\n<p align=\"JUSTIFY\"><span style=\"font-size: 14pt; font-family: georgia, palatino;\">A: Es gibt keinen Eigentumsstatus f\u00fcr solche Scheine zum Ziehen von Gl\u00fcckslosen, sondern es ist ein Mittel f\u00fcr denjenigen, der sie verbreitet und verkauft, um die G\u00fcter der K\u00e4ufer, (an sich) zu nehmen. Und es ist auch ein Mittel f\u00fcr denjenigen, der es kauft, um das Geschenk davon zu erhalten. Somit ist dies wie ein Mittel zum Gl\u00fccksspiel und es ist sogar wahrhaftig (selbst) ein Gl\u00fccksspiel. Dementsprechend ist es nicht erlaubt, diese (Scheine) zu verkaufen und zu kaufen, und das Geschenk, das der Inhaber dieser Papiere erh\u00e4lt, ist (auch) nicht erlaubt.<\/span><\/p>\n","protected":false},"excerpt":{"rendered":"<p>F. 156: Wie ist das Urteil zum Verkauf und Kauf von Lotterielosen, und wie ist das Urteil zum Gewinn, die<\/p>\n","protected":false},"author":1,"featured_media":0,"parent":549,"menu_order":0,"comment_status":"closed","ping_status":"closed","template":"","meta":{"colormag_page_container_layout":"default_layout","colormag_page_sidebar_layout":"default_layout","footnotes":""},"class_list":["post-957","page","type-page","status-publish","hentry"],"_links":{"self":[{"href":"http:\/\/www.ahl-ul-bait.de\/imam-chamenei\/wp-json\/wp\/v2\/pages\/957","targetHints":{"allow":["GET"]}}],"collection":[{"href":"http:\/\/www.ahl-ul-bait.de\/imam-chamenei\/wp-json\/wp\/v2\/pages"}],"about":[{"href":"http:\/\/www.ahl-ul-bait.de\/imam-chamenei\/wp-json\/wp\/v2\/types\/page"}],"author":[{"embeddable":true,"href":"http:\/\/www.ahl-ul-bait.de\/imam-chamenei\/wp-json\/wp\/v2\/users\/1"}],"replies":[{"embeddable":true,"href":"http:\/\/www.ahl-ul-bait.de\/imam-chamenei\/wp-json\/wp\/v2\/comments?post=957"}],"version-history":[{"count":1,"href":"http:\/\/www.ahl-ul-bait.de\/imam-chamenei\/wp-json\/wp\/v2\/pages\/957\/revisions"}],"predecessor-version":[{"id":959,"href":"http:\/\/www.ahl-ul-bait.de\/imam-chamenei\/wp-json\/wp\/v2\/pages\/957\/revisions\/959"}],"up":[{"embeddable":true,"href":"http:\/\/www.ahl-ul-bait.de\/imam-chamenei\/wp-json\/wp\/v2\/pages\/549"}],"wp:attachment":[{"href":"http:\/\/www.ahl-ul-bait.de\/imam-chamenei\/wp-json\/wp\/v2\/media?parent=957"}],"curies":[{"name":"wp","href":"https:\/\/api.w.org\/{rel}","templated":true}]}}