{"id":963,"date":"2022-10-20T13:37:10","date_gmt":"2022-10-20T11:37:10","guid":{"rendered":"http:\/\/khamenei.de\/wordpress\/?page_id=963"},"modified":"2022-10-20T13:37:11","modified_gmt":"2022-10-20T11:37:11","slug":"vertreter-bei-kauf-und-verkauf","status":"publish","type":"page","link":"http:\/\/www.ahl-ul-bait.de\/imam-chamenei\/vertreter-bei-kauf-und-verkauf\/","title":{"rendered":"Vertreter bei Kauf und Verkauf"},"content":{"rendered":"<p align=\"JUSTIFY\"><span style=\"font-family: georgia, palatino; font-size: 14pt;\"><b>F. 169:<\/b> <i>Wie ist das Urteil zu den G\u00fctern, die einige Verk\u00e4ufer an den Kaufvertreter der Beh\u00f6rden oder Unternehmen geben, ohne diese im notierten Preis auf der Quittung aufzulisten im Hinblick auf den Verk\u00e4ufer? Wie ist das Urteil im Hinblick auf den Vertreter des K\u00e4ufers?<\/i><\/span><\/p>\n<p align=\"JUSTIFY\"><span style=\"font-family: georgia, palatino; font-size: 14pt;\">A: Es ist f\u00fcr den Verk\u00e4ufer nicht erlaubt, solche G\u00fcter an den Vertreter (des K\u00e4ufers) zu zahlen, und es ist f\u00fcr den Vertreter (des K\u00e4ufers) nicht erlaubt, diese entgegenzunehmen. Und bei allem, was der Vertreter nimmt, ist er verpflichtet, diese an die Beh\u00f6rde oder das Unternehmen, dessen Vertreter er beim Kaufen war, zu \u00fcbergeben.<\/span><\/p>\n<p align=\"JUSTIFY\"><span style=\"font-family: georgia, palatino; font-size: 14pt;\"><b>F. 170:<\/b> <i>Ist es f\u00fcr den Angestellten oder den Arbeiter in einem staatlichen oder privaten Unternehmen, dessen Aufgabe die Beschaffung des Bedarfs der Verwaltung oder der Unternehmen durch Kauf im Auftrag (des Unternehmens) von den Verkaufsgesch\u00e4ften ist, erlaubt, die Bedingung bei demjenigen zu stellen, bei dem er den Bedarf kauft, dass er einen Anteil vom erzielten Gewinn aus dem Kauf erh\u00e4lt? Und ist es f\u00fcr ihn erlaubt, solchen (Anteil am) Gewinn entgegenzunehmen? Wie ist das Urteil, wenn der Vorgesetzte f\u00fcr ihn solche Bedingungen erlaubt?<\/i><\/span><\/p>\n<p align=\"JUSTIFY\"><span style=\"font-family: georgia, palatino; font-size: 14pt;\">A: Er darf solche Bedingungen nicht stellen, und dies ist von ihm ung\u00fcltig, und es ist sogar falsch, so dass er das nicht entgegenzunehmen oder anzunehmen hat, was er f\u00fcr sich an Gewinn als Bedingung gestellt hat. Und der Vorgesetzte hat ihm solche Bedingungen nicht zu erlauben, und seine Zustimmung und Erlaubnis haben keine Wirkung f\u00fcr diese (Bedingungen).<\/span><\/p>\n<p align=\"JUSTIFY\"><span style=\"font-family: georgia, palatino; font-size: 14pt;\"><b>F. 171:<\/b> <i>Wenn der Vertreter seitens einer Verwaltung oder eines Unternehmens beim Kauf von Gegenst\u00e4nden eine Ware, die einen bestimmten Wert hat, vom Markt kauft zum Mehrpreis, aus der Gier heraus, f\u00fcr sich eine finanzielle Hilfe vom Verk\u00e4ufer zu erhalten, ist dann solch ein Kauf von ihm g\u00fcltig? Und ist es f\u00fcr ihn erlaubt, die Hilfe des Verk\u00e4ufers daf\u00fcr anzunehmen?<\/i><\/span><\/p>\n<p align=\"JUSTIFY\"><span style=\"font-family: georgia, palatino; font-size: 14pt;\">A: Wenn er die Dinge zu einem Preis kauft, der h\u00f6her ist, als der gerechte Marktwert, oder es ihm m\u00f6glich w\u00e4re, die Ware vom Markt f\u00fcr weniger als diesen (Preis) zu kaufen und zu besorgen, dann ist der Ursprung des Vertrages, den er f\u00fcr den Mehrpreis abgeschlossen hat, unrechtm\u00e4\u00dfig [fud.ul\u00a7 ] und abh\u00e4ngig von der Erlaubnis des zu Vertretenden in einer gesetzlichen Weise, und in jedem Fall hat er f\u00fcr sich von dem Verk\u00e4ufer daf\u00fcr nichts anzunehmen.<\/span><\/p>\n<p align=\"JUSTIFY\"><span style=\"font-family: georgia, palatino; font-size: 14pt;\"><b>F. 172:<\/b> <i>Wenn jemand Vertreter einer Verwaltung oder eines Unternehmens f\u00fcr den Kauf und die Versorgung ihrer Angelegenheiten ist und (er) zus\u00e4tzlich dazu Vertreter f\u00fcr ein Unternehmen oder eines der Verkaufsunternehmen f\u00fcr den Verkauf ihrer Produkte und Waren (ist) und er die Versorgung und den Kauf der Dinge der Verwaltung oder des Unternehmens durch den Verkauf der Produkte und Waren dieses Unternehmens oder Gesch\u00e4fts durchf\u00fchrt, ist es dann f\u00fcr ihn erlaubt, aus einer solchen Handlung einen prozentualen Anteil des erzielten Gewinns f\u00fcr sich zu nehmen?<\/i><\/span><\/p>\n<p align=\"JUSTIFY\"><span style=\"font-family: georgia, palatino; font-size: 14pt;\">A: Falls der Vertrag des Kaufs und Verkaufs, den er im Vertretungsauftrag abgeschlossen hat, g\u00fcltig ist, so dass dieser gem\u00e4\u00df der Vertretung und gem\u00e4\u00df dem Vorteil beider zu Vertretenden stattfindet, dann ist es f\u00fcr ihn erlaubt, f\u00fcr sich von dem erzielten Gewinn aus dem Verkauf unter der Bezeichnung einer Entlohnung f\u00fcr die T\u00e4tigkeit der Vertretung das zu nehmen, was er mit demjenigen vereinbart hat, den er f\u00fcr den Verkauf seiner G\u00fcter vertritt.<\/span><\/p>\n","protected":false},"excerpt":{"rendered":"<p>F. 169: Wie ist das Urteil zu den G\u00fctern, die einige Verk\u00e4ufer an den Kaufvertreter der Beh\u00f6rden oder Unternehmen geben,<\/p>\n","protected":false},"author":1,"featured_media":0,"parent":0,"menu_order":0,"comment_status":"closed","ping_status":"closed","template":"","meta":{"colormag_page_container_layout":"default_layout","colormag_page_sidebar_layout":"default_layout","footnotes":""},"class_list":["post-963","page","type-page","status-publish","hentry"],"_links":{"self":[{"href":"http:\/\/www.ahl-ul-bait.de\/imam-chamenei\/wp-json\/wp\/v2\/pages\/963","targetHints":{"allow":["GET"]}}],"collection":[{"href":"http:\/\/www.ahl-ul-bait.de\/imam-chamenei\/wp-json\/wp\/v2\/pages"}],"about":[{"href":"http:\/\/www.ahl-ul-bait.de\/imam-chamenei\/wp-json\/wp\/v2\/types\/page"}],"author":[{"embeddable":true,"href":"http:\/\/www.ahl-ul-bait.de\/imam-chamenei\/wp-json\/wp\/v2\/users\/1"}],"replies":[{"embeddable":true,"href":"http:\/\/www.ahl-ul-bait.de\/imam-chamenei\/wp-json\/wp\/v2\/comments?post=963"}],"version-history":[{"count":1,"href":"http:\/\/www.ahl-ul-bait.de\/imam-chamenei\/wp-json\/wp\/v2\/pages\/963\/revisions"}],"predecessor-version":[{"id":965,"href":"http:\/\/www.ahl-ul-bait.de\/imam-chamenei\/wp-json\/wp\/v2\/pages\/963\/revisions\/965"}],"wp:attachment":[{"href":"http:\/\/www.ahl-ul-bait.de\/imam-chamenei\/wp-json\/wp\/v2\/media?parent=963"}],"curies":[{"name":"wp","href":"https:\/\/api.w.org\/{rel}","templated":true}]}}