{"id":976,"date":"2022-10-20T13:43:30","date_gmt":"2022-10-20T11:43:30","guid":{"rendered":"http:\/\/khamenei.de\/wordpress\/?page_id=976"},"modified":"2022-10-20T13:43:30","modified_gmt":"2022-10-20T11:43:30","slug":"rechte-bezueglich-druck-urheberrecht-und-kunstwerke","status":"publish","type":"page","link":"http:\/\/www.ahl-ul-bait.de\/imam-chamenei\/rechte-bezueglich-druck-urheberrecht-und-kunstwerke\/","title":{"rendered":"Rechte bez\u00fcglich Druck, Urheberrecht und Kunstwerke"},"content":{"rendered":"<p align=\"JUSTIFY\"><span style=\"font-size: 14pt; font-family: georgia, palatino;\"><b>F. 257:<\/b> <i>Wie ist das Urteil zum Nachdruck von B\u00fcchern und Artikeln, die aus dem Ausland importiert worden sind, oder die im islamischen Staat ohne Erlaubnis ihrer Verleger gedruckt wurden? Und unter der Annahme der Existenz von Bedenken dabei, wie ist dann das Urteil zum Verkauf und Kauf der B\u00fccher, die bereits vorher ohne Kenntnis zu diesem Thema nachgedruckt wurden?<\/i><\/span><\/p>\n<p align=\"JUSTIFY\"><span style=\"font-size: 14pt; font-family: georgia, palatino;\">A: Die Angelegenheit des Nachdrucks und des Kopierens durch Offset unterliegt bei B\u00fcchern, die au\u00dferhalb des Islamischen Staates gedruckt wurden, den zwischen dem (islamischen Staat) und diesen (anderen) Staaten abgeschlossenen Abkommen zu dieser Sachlage, so dass, wenn es ein Abkommen mit den Staaten gibt, in denen das Buch gedruckt wurde, es dann unerl\u00e4sslich ist, sich an den Inhalt des Abkommens zu halten. Ansonsten bestehen keinerlei Bindungen oder Festlegungen in diesem Rahmen. Aber bei den B\u00fcchern, die innerhalb des Landes gedruckt wurden, ist als Vorsichtsma\u00dfnahme das Recht des Verlegers durch Beschaffung einer Erlaubnis von ihm f\u00fcr den Nachdruck oder die Neuauflage zu ber\u00fccksichtigen. Und in keinem Fall gibt es ein Hindernis zum Verkauf und Kauf der B\u00fccher, die nachgedruckt wurden oder f\u00fcr die Nutzung daraus, selbst wenn der Nachdruck ohne Erlaubnis erfolgte.<\/span><\/p>\n<p align=\"JUSTIFY\"><span style=\"font-size: 14pt; font-family: georgia, palatino;\"><b>F. 258:<\/b> <i>Einige meinen, dass Erfindungen, Kunst- und Ideologiewerke, wenn sie die Gedanken ihres Erfinders verlassen, nach der Verbreitung nicht mehr ihr Eigentum sind. Inwieweit ist diese Meinung richtig? Und ist es f\u00fcr Verfasser, \u00dcbersetzer und Hersteller von Kunstwerken erlaubt, einen Betrag an G\u00fctern als Entsch\u00e4digung f\u00fcr ihre Bem\u00fchungen zu erhalten oder als Recht f\u00fcr das Verfassen von dem, was sie an M\u00fche, Zeit und G\u00fctern f\u00fcr die Vorbereitung dieser Arbeit aufgewandt haben?<\/i><\/span><\/p>\n<p align=\"JUSTIFY\"><span style=\"font-size: 14pt; font-family: georgia, palatino;\">A: Sie haben das Recht vom Verleger zu fordern, was sie f\u00fcr die Abgabe der ersten Kopie oder der Originale dieses wissenschaftlichen Werks oder Kunstwerks zum Zweck der Herausgabe und des Druckes w\u00fcnschen.<\/span><\/p>\n<p align=\"JUSTIFY\"><span style=\"font-size: 14pt; font-family: georgia, palatino;\"><b>F. 259:<\/b> <i>Wenn der Verfasser, \u00dcbersetzer oder K\u00fcnstler einen (bestimmten) Betrag an G\u00fctern f\u00fcr die erste Auflage erhalten hat und dabei f\u00fcr sich das Recht weiterer Auflagen als Bedingung gestellt hat, ist es ihm dann erlaubt, vom Verleger etwas f\u00fcr die folgenden Auflagen zu fordern? Und wie ist das Urteil zum Erhalt dieses Betrags?<\/i><\/span><\/p>\n<p align=\"JUSTIFY\"><span style=\"font-size: 14pt; font-family: georgia, palatino;\">A: Unter Annahme, dass er dieses beim Verleger innerhalb einer Vereinbarung mit ihm \u00fcber die Abgabe der ersten Kopie an ihn als Bedingung gestellt hat, bestehen keine Bedenken dazu, und der Verleger ist verpflichtet, seine Bedingung zu erf\u00fcllen.<\/span><\/p>\n<p align=\"JUSTIFY\"><span style=\"font-size: 14pt; font-family: georgia, palatino;\"><b>F. 260:<\/b> <i>Wenn der Verfasser und Autor in seiner Erlaubnis zur ersten Auflage nichts \u00fcber folgende Auflagen erw\u00e4hnt hat, ist es dann f\u00fcr den Verleger erlaubt, einen Nachdruck zu erstellen ohne neue Erlaubnis von ihm, und ohne ihm einen Betrag an G\u00fctern zu \u00fcbergeben?<\/i><\/span><\/p>\n<p align=\"JUSTIFY\"><span style=\"font-size: 14pt; font-family: georgia, palatino;\">A: Falls die abgeschlossene Vereinbarung zwischen ihnen nur auf die Erlaubnis zum Druck der ersten Auflage beschr\u00e4nkt ist, dann ist als Vorsichtsma\u00dfnahme sein Recht zu ber\u00fccksichtigen und auch bei den folgenden Auflagen um seine Erlaubnis nachzusuchen.<\/span><\/p>\n<p align=\"JUSTIFY\"><span style=\"font-size: 14pt; font-family: georgia, palatino;\"><b>F. 261: <\/b><i>Wem gegen\u00fcber besteht die Verpflichtung, um eine Erlaubnis zum Nachdruck zu ersuchen im Fall der Abwesenheit der Verfasser wegen einer Reise, Ableben oder \u00c4hnlichem? Und wer erh\u00e4lt die G\u00fcter?<\/i><\/span><\/p>\n<p align=\"JUSTIFY\"><span style=\"font-size: 14pt; font-family: georgia, palatino;\">A: Man wendet sich dabei an den Repr\u00e4sentanten des Verfassers, seinen religionsrechtlichen Vertreter oder an seinen Erben nach dem Ableben.<\/span><\/p>\n<p align=\"JUSTIFY\"><span style=\"font-size: 14pt; font-family: georgia, palatino;\"><b>F. 262:<\/b> <i>Ist der Druck eines Buches ohne Erlaubnis seines Eigent\u00fcmers erlaubt bei Existenz des Satzes &#8222;Alle Urheberrechte sind dem Verfasser vorbehalten&#8220;?<\/i><\/span><\/p>\n<p align=\"JUSTIFY\"><span style=\"font-size: 14pt; font-family: georgia, palatino;\">A: Allein die Existenz des erw\u00e4hnten Satzes legt keine Rechte f\u00fcr den Urheber der B\u00fccher fest. Aber als Vorsichtsma\u00dfnahme sind trotzdem die Urheberrechte der Verfasser und Verleger durch das Ersuchen um Erlaubnis von ihnen f\u00fcr die Neuauflage des Buches zu ber\u00fccksichtigen.<\/span><\/p>\n<p align=\"JUSTIFY\"><span style=\"font-size: 14pt; font-family: georgia, palatino;\"><b>F. 263:<\/b> <i>Auf einigen Kassetten mit Qur\u2019an und islamischen Liedern steht der Satz: &#8222;Die Urheberrechte der Aufnahmen sind vorbehalten&#8220;. Ist es in diesem Fall erlaubt, diese zu kopieren und diese an diejenigen zu geben, die diese (Kassette) w\u00fcnschen?<\/i><\/span><\/p>\n<p align=\"JUSTIFY\"><span style=\"font-size: 14pt; font-family: georgia, palatino;\">A: Als Vorsichtsma\u00dfnahme ist vom urspr\u00fcnglichen Herausgeber f\u00fcr das Kopieren der Kassette die Erlaubnis einzuholen.<\/span><\/p>\n<p align=\"JUSTIFY\"><span style=\"font-size: 14pt; font-family: georgia, palatino;\"><b>F. 264:<\/b> <i>Ist das Kopieren von den Computerdisketten erlaubt? Und mit Annahme des Verbots, beschr\u00e4nkt sich das (Verbot) dann auf die Disketten, die im islamischen Staat erstellt wurden oder umfasst das (Verbot) auch ausl\u00e4ndische Disketten unter Ber\u00fccksichtigung, dass einige Computerdisketten wegen der Wichtigkeit ihres Inhalts sehr hohe Preise haben?<\/i><\/span><\/p>\n<p align=\"JUSTIFY\"><span style=\"font-size: 14pt; font-family: georgia, palatino;\">A: Als Vorsichtsma\u00dfnahme sind f\u00fcr das Kopieren von Computerdisketten auch die Urheberrechte der Eigent\u00fcmer zu ber\u00fccksichtigen durch das Ersuchen der Erlaubnis von ihnen daf\u00fcr.<\/span><\/p>\n<p align=\"JUSTIFY\"><span style=\"font-size: 14pt; font-family: georgia, palatino;\"><b>F. 265:<\/b> <i>Sind Handelstitel und -namen von Gesch\u00e4ften und Unternehmen Eigentum ihrer Besitzer, so dass andere kein Recht haben, ihren Gesch\u00e4ften und Unternehmen die selben Namen zu geben? \u00c4hnlich hierzu (stellt sich die Frage): Jemand hat ein Gesch\u00e4ft unter dem Namen seiner Familie, hat dann eine andere Einzelperson aus der selben Familie auch das Recht, sein Gesch\u00e4ft mit dem selben Namen zu benennen? Oder hat eine andere Person einer anderen Familie das Recht, ihr Gesch\u00e4ft mit diesem Namen zu benennen?<\/i><\/span><\/p>\n<p align=\"JUSTIFY\"><span style=\"font-size: 14pt; font-family: georgia, palatino;\">A: Falls die Handelsnamen solcher Unternehmen und Gesch\u00e4fte gem\u00e4\u00df den Gesetzen, die in dem Land verbreitet sind, f\u00fcr die Regierung Eigentum desjenigen sind, der einen offiziellen Antrag an die Regierung zu dieser Angelegenheit gestellt hat, so dass diese (Regierung) dann den Namen (des Unternehmen usw.) im Register des Staates unter seinem (pers\u00f6nlichen) Namen registriert hat, dann ist es f\u00fcr die anderen als Vorsichtsma\u00dfnahme nicht erlaubt, diesen Namen zu \u00fcbernehmen und diesen ohne Bewilligung desjenigen zu nutzen, unter dessen Namen und f\u00fcr dessen Gesch\u00e4ft oder Unternehmen der Name registriert wurde ohne Unterschied dabei, ob der andere aus der Familie des Eigent\u00fcmers des Namens oder aus anderen (Familien) ist. Ansonsten gibt es kein Hindernis daf\u00fcr, dass andere solche Namen und Titel verwenden.<\/span><\/p>\n<p align=\"JUSTIFY\"><span style=\"font-size: 14pt; font-family: georgia, palatino;\"><b>F. 266:<\/b> <i>Einige Personen kommen zum Kopiergesch\u00e4ft f\u00fcr Papier und B\u00fccher und fordern zum Kopieren von dem auf, was er (dabei) hat, und der Eigent\u00fcmer des Gesch\u00e4ftes, der zu den Gl\u00e4ubigen geh\u00f6rt, sieht, dass dieses Buch, das Blatt oder die Zeitschrift f\u00fcr Gl\u00e4ubige n\u00fctzlich ist. Ist es dann f\u00fcr ihn erlaubt, es ohne Erlaubnis des Eigent\u00fcmers des Buches zu kopieren? Und ist der Fall anders, falls er wei\u00df, dass der Eigent\u00fcmer des Buches damit nicht einverstanden ist?<\/i><\/span><\/p>\n<p align=\"JUSTIFY\"><span style=\"font-size: 14pt; font-family: georgia, palatino;\">A: Als Vorsichtsma\u00dfnahme hat er es nicht ohne Erlaubnis ihres Eigent\u00fcmers zu kopieren, und von der Vorsichtsma\u00dfnahme ist nicht abzulassen, falls er Wissen \u00fcber das Nichteinverst\u00e4ndnis des Eigent\u00fcmers dar\u00fcber hat.<\/span><\/p>\n<p align=\"JUSTIFY\"><span style=\"font-size: 14pt; font-family: georgia, palatino;\"><b>F. 267:<\/b> <i>Einige Gl\u00e4ubige mieten Videokassetten aus Gesch\u00e4ften der Vermietung von Kassetten, und wenn die Kassette ihnen gef\u00e4llt, nehmen sie diese auf oder kopieren sie ohne Erlaubnis des Eigent\u00fcmers des Gesch\u00e4ftes mit dem Einwand, dass Urheberrechte der Herausgabe gem\u00e4\u00df vieler (religi\u00f6ser) Wissenschaftler nicht gesch\u00fctzt sind. Ist es dann f\u00fcr sie erlaubt? Und mit Annahme, dass es nicht erlaubt ist und einer von ihnen die Aufnahme oder das Kopieren durchgef\u00fchrt hat, hat er dann jetzt den Eigent\u00fcmer des Gesch\u00e4ftes zu informieren, oder gen\u00fcgt das L\u00f6schen des aufgenommenen Materials auf der Kassette?<\/i><\/span><\/p>\n<p align=\"JUSTIFY\"><span style=\"font-size: 14pt; font-family: georgia, palatino;\">A: Als Vorsichtsma\u00dfnahme ist das Kopieren der Kassette ohne Erlaubnis seines Eigent\u00fcmers zu unterlassen, aber wenn man das Kopieren (bereits) ohne Erlaubnis durchgef\u00fchrt hat, dann ist man nicht verpflichtet zum L\u00f6schen oder den Eigent\u00fcmer der Kassette zu informieren.<\/span><\/p>\n","protected":false},"excerpt":{"rendered":"<p>F. 257: Wie ist das Urteil zum Nachdruck von B\u00fcchern und Artikeln, die aus dem Ausland importiert worden sind, oder<\/p>\n","protected":false},"author":1,"featured_media":0,"parent":0,"menu_order":0,"comment_status":"closed","ping_status":"closed","template":"","meta":{"colormag_page_container_layout":"default_layout","colormag_page_sidebar_layout":"default_layout","footnotes":""},"class_list":["post-976","page","type-page","status-publish","hentry"],"_links":{"self":[{"href":"http:\/\/www.ahl-ul-bait.de\/imam-chamenei\/wp-json\/wp\/v2\/pages\/976","targetHints":{"allow":["GET"]}}],"collection":[{"href":"http:\/\/www.ahl-ul-bait.de\/imam-chamenei\/wp-json\/wp\/v2\/pages"}],"about":[{"href":"http:\/\/www.ahl-ul-bait.de\/imam-chamenei\/wp-json\/wp\/v2\/types\/page"}],"author":[{"embeddable":true,"href":"http:\/\/www.ahl-ul-bait.de\/imam-chamenei\/wp-json\/wp\/v2\/users\/1"}],"replies":[{"embeddable":true,"href":"http:\/\/www.ahl-ul-bait.de\/imam-chamenei\/wp-json\/wp\/v2\/comments?post=976"}],"version-history":[{"count":1,"href":"http:\/\/www.ahl-ul-bait.de\/imam-chamenei\/wp-json\/wp\/v2\/pages\/976\/revisions"}],"predecessor-version":[{"id":978,"href":"http:\/\/www.ahl-ul-bait.de\/imam-chamenei\/wp-json\/wp\/v2\/pages\/976\/revisions\/978"}],"wp:attachment":[{"href":"http:\/\/www.ahl-ul-bait.de\/imam-chamenei\/wp-json\/wp\/v2\/media?parent=976"}],"curies":[{"name":"wp","href":"https:\/\/api.w.org\/{rel}","templated":true}]}}