{"id":979,"date":"2022-10-20T13:44:23","date_gmt":"2022-10-20T11:44:23","guid":{"rendered":"http:\/\/khamenei.de\/wordpress\/?page_id=979"},"modified":"2024-01-31T17:19:41","modified_gmt":"2024-01-31T16:19:41","slug":"handel-mit-nichtmuslimen","status":"publish","type":"page","link":"http:\/\/www.ahl-ul-bait.de\/imam-chamenei\/rechtsfragen\/handel-mit-nichtmuslimen\/","title":{"rendered":"Handel mit Nichtmuslimen"},"content":{"rendered":"<p align=\"JUSTIFY\"><span style=\"font-family: georgia, palatino; font-size: 14pt;\"><b>F. 268:<\/b> <i>Ist der Import von israelischen Waren und deren Verbreitung erlaubt? Und angenommen, dieses hat (bereits) stattgefunden, zumal notwendig, ist dann der Kauf von diesen Waren erlaubt?<\/i><\/span><\/p>\n<p align=\"JUSTIFY\"><span style=\"font-family: georgia, palatino; font-size: 14pt;\">A: Man ist verpflichtet zur Unterlassung jeglichen Handels, der zum Vorteil des Staatenwinzlings Israel f\u00fchrt, welcher r\u00e4uberisch und feindlich gegen\u00fcber dem Islam und den Muslimen ist, und der Import und die Verbreitung ihrer Waren, aus deren Herstellung und Verkauf sie Nutzen ziehen, ist f\u00fcr niemanden erlaubt, und der Kauf von \u00e4hnlichen Waren wie diesen ist f\u00fcr die Muslime (ebenfalls) nicht erlaubt, weil diese (Waren) Verdorbenes und Sch\u00e4dliches f\u00fcr den Islam und die Muslime beinhalten.<\/span><\/p>\n<p align=\"JUSTIFY\"><span style=\"font-family: georgia, palatino; font-size: 14pt;\"><b>F. 269:<\/b> <i>Ist es f\u00fcr H\u00e4ndler erlaubt, israelische Waren zu importieren und diese innerhalb des Landes, das den Boykott gegen Israel aufgehoben hat, zu verbreiten?<\/i><\/span><\/p>\n<p align=\"JUSTIFY\"><span style=\"font-family: georgia, palatino; font-size: 14pt;\">A: Man ist verpflichtet, sich davon fernzuhalten, die Waren zu importieren und zu verbreiten, aus deren Herstellung und Verkauf der Staatenwinzling Israel Nutzen zieht.<\/span><\/p>\n<p align=\"JUSTIFY\"><span style=\"font-family: georgia, palatino; font-size: 14pt;\"><b>F. 270:<\/b> <i>Ist der Kauf von israelischen Waren, die in einem islamischen Land verkauft werden, f\u00fcr Muslime erlaubt?<\/i><\/span><\/p>\n<p align=\"JUSTIFY\"><span style=\"font-family: georgia, palatino; font-size: 14pt;\">A: Jeder einzelne Muslim ist verpflichtet, sich fernzuhalten von dem Kauf und der Verwendung von Waren, deren Produktions- und Verkaufsprofit an die Zionisten geht, welche den Islam und die Muslime bek\u00e4mpfen.<\/span><\/p>\n<p align=\"JUSTIFY\"><span style=\"font-family: georgia, palatino; font-size: 14pt;\"><b>F. 271:<\/b> <i>Ist die Er\u00f6ffnung von B\u00fcros f\u00fcr Reisen nach Israel in islamischen L\u00e4ndern erlaubt? Und ist es f\u00fcr die Muslime erlaubt, Fahrkarten von diesen B\u00fcros zu kaufen?<\/i><\/span><\/p>\n<p align=\"JUSTIFY\"><span style=\"font-family: georgia, palatino; font-size: 14pt;\">A: Dies ist nicht erlaubt aufgrund dessen, was es an Schaden f\u00fcr den Islam und die Muslime bewirkt, und es ist nicht erlaubt f\u00fcr irgendjemanden, hierzu \u00c4hnliches durchzuf\u00fchren, was als Boykottbruch der Muslime gegen den Staatenwinzling Israel, der feindlich und kriegsl\u00fcstern ist, gewertet wird.<\/span><\/p>\n<p align=\"JUSTIFY\"><span style=\"font-family: georgia, palatino; font-size: 14pt;\"><b>F. 272:<\/b> <i>Ist der Kauf von Produkten der j\u00fcdischen, amerikanischen oder kanadischen Unternehmen, mit (Ber\u00fccksichtigung) der M\u00f6glichkeit, dass diese Unternehmen Israel unterst\u00fctzen, erlaubt?<\/i><\/span><\/p>\n<p align=\"JUSTIFY\"><span style=\"font-family: georgia, palatino; font-size: 14pt;\">A: Falls diese (Ware) zu dem geh\u00f6rt, dessen Produktions-, Verkaufs- und Kaufprofit f\u00fcr die Unterst\u00fctzung des r\u00e4uberischen Staatenwinzlings Israel verwendet wird oder f\u00fcr die Gegnerschaft gegen den Islam und die Muslime, dann ist es f\u00fcr niemanden erlaubt, diese (Ware) zu kaufen und zu nutzen. Ansonsten besteht kein Hindernis dazu.<\/span><\/p>\n<p align=\"JUSTIFY\"><span style=\"font-family: georgia, palatino; font-size: 14pt;\"><b>F. 273:<\/b> <i>Wenn die (Gro\u00df-)H\u00e4ndler in einem islamischen Land israelische Waren importiert haben, ist es dann f\u00fcr die Einzelh\u00e4ndler erlaubt, diese von ihnen zu kaufen und dann diese an die Leute zu verkaufen und zu verbreiten?<\/i><\/span><\/p>\n<p align=\"JUSTIFY\"><span style=\"font-family: georgia, palatino; font-size: 14pt;\">A: Dies ist f\u00fcr sie nicht erlaubt, aufgrund der Verdorbenheit dabei.<\/span><\/p>\n<p align=\"JUSTIFY\"><span style=\"font-family: georgia, palatino; font-size: 14pt;\"><b>F. 274:<\/b> <i>Wenn in einem islamischen Land israelische Waren in den allgemeinen Handelsgesch\u00e4ften verbreitet werden, ist es dann f\u00fcr den Muslim erlaubt, diese (Waren) von diesen (Gesch\u00e4ften) zu kaufen, (selbst) wenn es einem m\u00f6glich w\u00e4re, das, was man braucht, von anderen nicht-israelischen Gesch\u00e4ften zu kaufen &#8211; das hei\u00dft, die Waren, die aus anderen L\u00e4ndern importiert sind &#8211; ?<\/i><\/span><\/p>\n<p align=\"JUSTIFY\"><span style=\"font-family: georgia, palatino; font-size: 14pt;\">A: Die einzelnen Muslime sind verpflichtet, sich vom Kauf und der Verwendung der Waren fernzuhalten, deren Produktions- und Verkaufsprofit an die Zionisten flie\u00dft, die den Islam und die Muslime bek\u00e4mpfen.<\/span><\/p>\n<p align=\"JUSTIFY\"><span style=\"font-family: georgia, palatino; font-size: 14pt;\"><b>F. 275:<\/b> <i>Wenn bekannt ist, dass die (eingef\u00fchrten) israelischen Waren weiter exportiert werden, nach der \u00c4nderung der urspr\u00fcnglichen Dokumente durch andere L\u00e4nder, wie die T\u00fcrkei, Zypern und andere (L\u00e4nder), damit dem muslimischen K\u00e4ufer vorget\u00e4uscht wird, dass diese (Ware) nicht israelisch sei, weil sie wissen, dass der Muslim (sonst) diese (Waren) ablehnen und vermeiden wird, diese (Waren) zu kaufen, falls er wei\u00df, das sie israelisch sind, was ist dann die Verpflichtung des einzelnen Muslim?<\/i><\/span><\/p>\n<p align=\"JUSTIFY\"><span style=\"font-family: georgia, palatino; font-size: 14pt;\">A: Der Muslim hat keine Waren wie diese zu kaufen, zu verbreiten oder zu verwenden.<\/span><\/p>\n<p align=\"JUSTIFY\"><span style=\"font-family: georgia, palatino; font-size: 14pt;\"><b>F. 276:<\/b> <i>Wie ist das Urteil zum Kauf und Verkauf von amerikanischen Waren? Und umfasst das Urteil alle westlichen Staaten wie England und Frankreich? Ist das Urteil f\u00fcr den Iran vorbehalten oder umfasst es alle L\u00e4nder?<\/i><\/span><\/p>\n<p align=\"JUSTIFY\"><span style=\"font-family: georgia, palatino; font-size: 14pt;\">A: Falls aus dem Kauf von importierten Waren aus nicht-islamischen L\u00e4ndern und aus ihrer Nutzung eine St\u00e4rkung f\u00fcr die ungl\u00e4ubigen Kolonialstaaten entsteht, die feindlich gegen\u00fcber dem Islam und den Muslimen sind oder eine finanzielle Unterst\u00fctzung (entsteht), die sie weltweit f\u00fcr den Angriff gegen islamische L\u00e4nder oder gegen die Muslime investieren, dann sind die Muslime religionsrechtlich verpflichtet, sich davon fernzuhalten, diese (Waren) zu kaufen, zu verwenden oder zu nutzen, ohne Unterschied dabei zwischen der einen oder anderen Ware und (ohne Unterschied) zwischen dem einen oder anderen Staat unter den Ungl\u00e4ubigen gegen\u00fcber dem Islam und den Muslimen feindlich gesonnen Staaten. Und dieses Urteil ist nicht (nur) f\u00fcr die Muslime des Iran vorbehalten.<\/span><\/p>\n<p align=\"JUSTIFY\"><span style=\"font-family: georgia, palatino; font-size: 14pt;\"><b>F. 277:<\/b> <i>Was ist die Verpflichtung derjenigen, die in Betrieben und Gesellschaften arbeiten, deren Gewinne an ungl\u00e4ubige Staaten flie\u00dfen und diese Tatsache bewirkt, dass sie gefestigt werden?<\/i><\/span><\/p>\n<p align=\"JUSTIFY\"><span style=\"font-family: georgia, palatino; font-size: 14pt;\">A: Es gibt kein Hindernis zum Unterhaltsbestreben durch (religionsrechtlich) erlaubte Angelegenheiten an sich, selbst wenn diese zu denen geh\u00f6ren, deren Gewinne an einen nicht-islamischen Staat flie\u00dfen, au\u00dfer wenn dieser Staat in einem Kriegszustand mit den Muslimen ist und sie aus dem Ergebnis der Arbeit der Muslime Nutzen f\u00fcr diesen Krieg ziehen.<\/span><\/p>\n\n\n<p><\/p>\n","protected":false},"excerpt":{"rendered":"<p>F. 268: Ist der Import von israelischen Waren und deren Verbreitung erlaubt? Und angenommen, dieses hat (bereits) stattgefunden, zumal notwendig,<\/p>\n","protected":false},"author":1,"featured_media":0,"parent":549,"menu_order":0,"comment_status":"closed","ping_status":"closed","template":"","meta":{"colormag_page_container_layout":"default_layout","colormag_page_sidebar_layout":"default_layout","footnotes":""},"class_list":["post-979","page","type-page","status-publish","hentry"],"_links":{"self":[{"href":"http:\/\/www.ahl-ul-bait.de\/imam-chamenei\/wp-json\/wp\/v2\/pages\/979","targetHints":{"allow":["GET"]}}],"collection":[{"href":"http:\/\/www.ahl-ul-bait.de\/imam-chamenei\/wp-json\/wp\/v2\/pages"}],"about":[{"href":"http:\/\/www.ahl-ul-bait.de\/imam-chamenei\/wp-json\/wp\/v2\/types\/page"}],"author":[{"embeddable":true,"href":"http:\/\/www.ahl-ul-bait.de\/imam-chamenei\/wp-json\/wp\/v2\/users\/1"}],"replies":[{"embeddable":true,"href":"http:\/\/www.ahl-ul-bait.de\/imam-chamenei\/wp-json\/wp\/v2\/comments?post=979"}],"version-history":[{"count":1,"href":"http:\/\/www.ahl-ul-bait.de\/imam-chamenei\/wp-json\/wp\/v2\/pages\/979\/revisions"}],"predecessor-version":[{"id":980,"href":"http:\/\/www.ahl-ul-bait.de\/imam-chamenei\/wp-json\/wp\/v2\/pages\/979\/revisions\/980"}],"up":[{"embeddable":true,"href":"http:\/\/www.ahl-ul-bait.de\/imam-chamenei\/wp-json\/wp\/v2\/pages\/549"}],"wp:attachment":[{"href":"http:\/\/www.ahl-ul-bait.de\/imam-chamenei\/wp-json\/wp\/v2\/media?parent=979"}],"curies":[{"name":"wp","href":"https:\/\/api.w.org\/{rel}","templated":true}]}}