{"id":981,"date":"2022-10-20T13:45:44","date_gmt":"2022-10-20T11:45:44","guid":{"rendered":"http:\/\/khamenei.de\/wordpress\/?page_id=981"},"modified":"2024-01-31T17:16:07","modified_gmt":"2024-01-31T16:16:07","slug":"arbeiten-in-unterdrueckerstaaten","status":"publish","type":"page","link":"http:\/\/www.ahl-ul-bait.de\/imam-chamenei\/rechtsfragen\/arbeiten-in-unterdrueckerstaaten\/","title":{"rendered":"Arbeiten in Unterdr\u00fcckerstaaten"},"content":{"rendered":"<p align=\"JUSTIFY\"><span style=\"font-size: 14pt; font-family: georgia, palatino;\"><b>F. 278:<\/b> <i>Ist die Arbeit bei einer Stelle bei einer nicht-islamischen Regierung erlaubt?<\/i><\/span><\/p>\n<p align=\"JUSTIFY\"><span style=\"font-size: 14pt; font-family: georgia, palatino;\">A: Die Erlaubnis dazu ist abh\u00e4ngig von der Stelle an sich.<\/span><\/p>\n<p align=\"JUSTIFY\"><span style=\"font-size: 14pt; font-family: georgia, palatino;\"><b>F. 279:<\/b> <i>Jemand arbeitet in der Verkehrsbeh\u00f6rde in einem arabischen Staat und ist verantwortlich f\u00fcr das Unterschreiben der Akten der widerrechtlichen Handlungen gegen Verkehrsgesetze, um diese (widerrechtlich Handelnden) ins Gef\u00e4ngnis zu bringen, so dass, falls er diese unterschreibt, dieser widerrechtlich Handelnde ins Gef\u00e4ngnis kommt. Ist diese Arbeit dann erlaubt? Und wie ist das Urteil zum Gehalt, das er f\u00fcr seine Arbeiten beim Staat erh\u00e4lt?<\/i><\/span><\/p>\n<p align=\"JUSTIFY\"><span style=\"font-size: 14pt; font-family: georgia, palatino;\">A: Man ist in jedem Fall verpflichtet, die Vorschriften des Systems der Gesellschaft zu ber\u00fccksichtigen, selbst wenn diese von einem nicht-islamischen Staat sind, und das Annehmen von Lohn f\u00fcr eine erlaubte T\u00e4tigkeit ist zul\u00e4ssig.<\/span><\/p>\n<p align=\"JUSTIFY\"><span style=\"font-size: 14pt; font-family: georgia, palatino;\"><b>F. 280:<\/b> <i>Wenn ein Muslim eine (nicht-islamische) Staatsangeh\u00f6rigkeit \u2013 (z.B.) amerikanisch oder kanadisch \u2013 erhalten hat, ist es f\u00fcr ihn (dann) erlaubt, in das Milit\u00e4r oder die Polizei einzutreten? Und ist es f\u00fcr ihn erlaubt, in Staatsbeh\u00f6rden wie dem Rathaus und anderen Institutionen zu arbeiten, die dem Staat angeh\u00f6ren?<\/i><\/span><\/p>\n<p align=\"JUSTIFY\"><span style=\"font-size: 14pt; font-family: georgia, palatino;\">A: Wenn daraus keine Verdorbenheit erfolgt und es nicht mit einer verbotenen Handlung oder an die Unterlassung einer (islamischen) Pflicht verbunden ist, dann besteht kein Hindernis dazu.<\/span><\/p>\n<p align=\"JUSTIFY\"><span style=\"font-size: 14pt; font-family: georgia, palatino;\"><b>F. 281:<\/b> <i>Hat der vom Unterdr\u00fccker-Herrscher eingesetzte Richter bei seinem Urteil die Legitimation, f\u00fcr die Verpflichtung (der Anderen), ihm zu gehorchten?<\/i><\/span><\/p>\n<p align=\"JUSTIFY\"><span style=\"font-size: 14pt; font-family: georgia, palatino;\">A: Es ist f\u00fcr den, der nicht Rechtsgelehrter [mu\u2122 tahid] ist, welcher die Voraussetzung (um Rechtsgelehrter zu sein) in sich tr\u00e4gt, nicht erlaubt, wenn er (auch) nicht eingesetzt ist von jemandem, der zum Einsetzen berechtigt ist, die Angelegenheit des Richtens zu \u00fcbernehmen und die Streitigkeiten zwischen den Menschen abzuurteilen. Und man darf sich nicht an ihn wenden, au\u00dfer bei Notwendigkeit. Und sein Urteil ist nicht rechtskr\u00e4ftig.<\/span><\/p>\n","protected":false},"excerpt":{"rendered":"<p>F. 278: Ist die Arbeit bei einer Stelle bei einer nicht-islamischen Regierung erlaubt? A: Die Erlaubnis dazu ist abh\u00e4ngig von<\/p>\n","protected":false},"author":1,"featured_media":0,"parent":549,"menu_order":0,"comment_status":"closed","ping_status":"closed","template":"","meta":{"colormag_page_container_layout":"default_layout","colormag_page_sidebar_layout":"default_layout","footnotes":""},"class_list":["post-981","page","type-page","status-publish","hentry"],"_links":{"self":[{"href":"http:\/\/www.ahl-ul-bait.de\/imam-chamenei\/wp-json\/wp\/v2\/pages\/981","targetHints":{"allow":["GET"]}}],"collection":[{"href":"http:\/\/www.ahl-ul-bait.de\/imam-chamenei\/wp-json\/wp\/v2\/pages"}],"about":[{"href":"http:\/\/www.ahl-ul-bait.de\/imam-chamenei\/wp-json\/wp\/v2\/types\/page"}],"author":[{"embeddable":true,"href":"http:\/\/www.ahl-ul-bait.de\/imam-chamenei\/wp-json\/wp\/v2\/users\/1"}],"replies":[{"embeddable":true,"href":"http:\/\/www.ahl-ul-bait.de\/imam-chamenei\/wp-json\/wp\/v2\/comments?post=981"}],"version-history":[{"count":1,"href":"http:\/\/www.ahl-ul-bait.de\/imam-chamenei\/wp-json\/wp\/v2\/pages\/981\/revisions"}],"predecessor-version":[{"id":982,"href":"http:\/\/www.ahl-ul-bait.de\/imam-chamenei\/wp-json\/wp\/v2\/pages\/981\/revisions\/982"}],"up":[{"embeddable":true,"href":"http:\/\/www.ahl-ul-bait.de\/imam-chamenei\/wp-json\/wp\/v2\/pages\/549"}],"wp:attachment":[{"href":"http:\/\/www.ahl-ul-bait.de\/imam-chamenei\/wp-json\/wp\/v2\/media?parent=981"}],"curies":[{"name":"wp","href":"https:\/\/api.w.org\/{rel}","templated":true}]}}