{"id":994,"date":"2022-10-20T13:49:59","date_gmt":"2022-10-20T11:49:59","guid":{"rendered":"http:\/\/khamenei.de\/wordpress\/?page_id=994"},"modified":"2022-10-20T13:50:00","modified_gmt":"2022-10-20T11:50:00","slug":"rauchen-und-drogen","status":"publish","type":"page","link":"http:\/\/www.ahl-ul-bait.de\/imam-chamenei\/rauchen-und-drogen\/","title":{"rendered":"Rauchen und Drogen"},"content":{"rendered":"<p align=\"JUSTIFY\"><span style=\"font-size: 14pt; font-family: georgia, palatino;\"><b>F. 319:<\/b> <i>Wie ist das Urteil zum Rauchen in staatlichen Beh\u00f6rden und allgemeinen Orten?<\/i><\/span><\/p>\n<p align=\"JUSTIFY\"><span style=\"font-size: 14pt; font-family: georgia, palatino;\">A: Falls dieses (Rauchen) gegen die (\u00fcbliche) interne Ordnung der Beh\u00f6rden und der allgemeinen Orte ist oder es Leid und St\u00f6rung der anderen bewirkt oder ihnen Schaden zuf\u00fcgt, dann ist es nicht erlaubt.<\/span><\/p>\n<p align=\"JUSTIFY\"><span style=\"font-size: 14pt; font-family: georgia, palatino;\"><b>F. 320:<\/b> <i>Mein Bruder ist drogens\u00fcchtig und (er ist) auch Schmuggler davon. Bin ich dann verpflichtet, oder ist es mir erlaubt, seine Angelegenheit den offiziellen zust\u00e4ndigen Beh\u00f6rden zu melden mit dem Ziel, ihn davon abzuhalten?<\/i><\/span><\/p>\n<p align=\"JUSTIFY\"><span style=\"font-size: 14pt; font-family: georgia, palatino;\">A: Sie haben ihm hinsichtlich des Verwehrens des Schlechten zu helfen, die Sucht zu \u00fcberwinden und ihn an Schmuggel, Verkauf und Verbreitung der Rauschmittel zu hindern. Und wenn das Informieren der zust\u00e4ndigen Beh\u00f6rden \u00fcber seine Angelegenheit ihm daf\u00fcr hilft, dann ist es zul\u00e4ssig.<\/span><\/p>\n<p align=\"JUSTIFY\"><span style=\"font-size: 14pt; font-family: georgia, palatino;\"><b>F. 321:<\/b> <i>Ist die Verwendung von Schnupftabak erlaubt, und wie ist das Urteil zum gew\u00f6hnen daran?<\/i><\/span><\/p>\n<p align=\"JUSTIFY\"><span style=\"font-size: 14pt; font-family: georgia, palatino;\">A: Wenn bei ihm daraus ein relevanter Schaden entsteht, ist es ihm nicht erlaubt, dieses zu verwenden wie (es auch nicht erlaubt ist) sich daran zu gew\u00f6hnen.<\/span><\/p>\n<p align=\"JUSTIFY\"><span style=\"font-size: 14pt; font-family: georgia, palatino;\"><b>F. 322:<\/b> <i>Ist der Verkauf und Kauf von Tabak erlaubt sowie das Rauchen davon?<\/i><\/span><\/p>\n<p align=\"JUSTIFY\"><span style=\"font-size: 14pt; font-family: georgia, palatino;\">A: Der Verkauf, Kauf und die Verwendung von Tabak an sich ist zul\u00e4ssig, aber wenn dabei ein relevanter Schaden bei jemandem eintritt, dann ist es ihm nicht erlaubt, diesen zu rauchen und daf\u00fcr zu kaufen.<\/span><\/p>\n<p align=\"JUSTIFY\"><span style=\"font-size: 14pt; font-family: georgia, palatino;\"><b>F. 323:<\/b> <i>Ist Haschisch rituell rein? Und ist es verboten, dieses zu verwenden?<\/i><\/span><\/p>\n<p align=\"JUSTIFY\"><span style=\"font-size: 14pt; font-family: georgia, palatino;\">A: Haschisch ist rituell rein, da wenn es berauschend ist, es urspr\u00fcnglich nicht fl\u00fcssig ist. Aber dieses zu verwenden, ist religionsrechtlich verboten.<\/span><\/p>\n<p align=\"JUSTIFY\"><span style=\"font-size: 14pt; font-family: georgia, palatino;\"><b>F. 324:<\/b> <i>Wie ist das Urteil zur Verwendung von berauschenden Stoffen wie Haschisch, Theriak, Heroin, Morphium, Marihuana und so weiter durch Essen, Trinken, Rauchen, Spritzen oder Einreiben? Und wie ist das Urteil zum Verkaufen und Kaufen davon und sonstige Verdienste dadurch wie (z.B.) das Tragen, Transportieren, Lagern oder Schmuggeln (davon).<\/i><\/span><\/p>\n<p align=\"JUSTIFY\"><span style=\"font-size: 14pt; font-family: georgia, palatino;\">A: Berauschende Stoffe zu verwenden und zu nutzen ist grunds\u00e4tzlich verboten im Hinblick auf das, was aus der Verwendung dieser (Stoffe) in jeglicher Form an pers\u00f6nlichem und gesellschaftlichem Schaden, die relevant sind, folgt. Und daher ist der Verdienst dadurch auch durch Tragen, Transportieren, Lagern, Verkauf, Kauf und hierzu anderem (ebenfalls) verboten.<\/span><\/p>\n<p align=\"JUSTIFY\"><span style=\"font-size: 14pt; font-family: georgia, palatino;\"><b>F. 325:<\/b> <i>Ist die Heilung und die Behandlung einer Krankheit durch die Anwendung von berauschenden Stoffen erlaubt? Und mit Annahme der Erlaubnis, ist es dann grunds\u00e4tzlich erlaubt, oder ist es f\u00fcr den Fall vorbehalten, dass die Behandlung davon abh\u00e4ngig ist?<\/i><\/span><\/p>\n<p align=\"JUSTIFY\"><span style=\"font-size: 14pt; font-family: georgia, palatino;\">A: Falls die Heilung und die Behandlung von deren Verwendung in einer (bestimmten) Weise abh\u00e4ngig ist und es mit der Erlaubnis des vertrauensw\u00fcrdigen Arztes erfolgt, dann besteht keine Hindernis dazu.<\/span><\/p>\n<p align=\"JUSTIFY\"><span style=\"font-size: 14pt; font-family: georgia, palatino;\"><b>F. 326:<\/b> <i>Wie ist das Urteil zum Anbau und Aufziehen von Kr\u00e4utern wie Opium, Cannabis, Tamarinde, K\u00e3 y h.~ usw., aus denen Theriak, Heroin, Morphium, Haschisch und Kokain gewonnen werden?<\/i><\/span><\/p>\n<p align=\"JUSTIFY\"><span style=\"font-size: 14pt; font-family: georgia, palatino;\">A: Falls es f\u00fcr eine erlaubte relevante Nutzung daraus ist, wie (z.B.) diese (Pflanzen) f\u00fcr die Herstellung von Medikamenten und die Behandlung der Kranken und hierzu \u00c4hnlichem zu nutzen, dann ist es zul\u00e4ssig.<\/span><\/p>\n<p align=\"JUSTIFY\"><span style=\"font-size: 14pt; font-family: georgia, palatino;\"><b>F. 327:<\/b> <i>Wie ist das Urteil zur Bereitung und Zusammenstellung von berauschenden Stoffen, unabh\u00e4ngig davon, ob es aus nat\u00fcrlichen Stoffen wie Morphium, Heroin, Haschisch, Marihuana oder aus synthetischen Stoffen wie LSD und anderen ist?<\/i><\/span><\/p>\n<p align=\"JUSTIFY\"><span style=\"font-size: 14pt; font-family: georgia, palatino;\">A: Falls es zum Zweck des erlaubten Nutzens daraus, wie die medizinische Nutzung, die Herstellung von Medikamenten und hierzu \u00e4hnlich ist, dann ist es zul\u00e4ssig, ansonsten ist es nicht erlaubt.<\/span><\/p>\n<p align=\"JUSTIFY\"><span style=\"font-size: 14pt; font-family: georgia, palatino;\"><b>F. 328:<\/b> <i>Ist das Rauchen von Tabak, auf das einige Sorten von Wein gespritzt wurde, erlaubt, und ist das Einatmen dessen Rauchs erlaubt?<\/i><\/span><\/p>\n<p align=\"JUSTIFY\"><span style=\"font-size: 14pt; font-family: georgia, palatino;\">A: Wenn das Rauchen dieses Tabaks nicht als eine Art der Verwendung von Wein nach Ansicht des Brauchs gewertet wird und kein Rausch und (kein) relevanter Schaden eintritt, dann ist es zul\u00e4ssig, obwohl es als Vorsichtsma\u00dfnahme zu unterlassen ist.<\/span><\/p>\n<p align=\"JUSTIFY\"><span style=\"font-size: 14pt; font-family: georgia, palatino;\"><b>F. 329:<\/b> <i>Ist es verboten Rauchen anzufangen? Und ist es verboten, wenn der Raucher das Rauchen eine Woche lang oder l\u00e4nger unterlassen hat und dann wieder aufs neue anf\u00e4ngt, zu rauchen?<\/i><\/span><\/p>\n<p align=\"JUSTIFY\"><span style=\"font-size: 14pt; font-family: georgia, palatino;\">A: Das Urteil ist verschieden mit den unterschiedlichen Stufen des Schadens, der daraus folgt.<\/span><\/p>\n<p align=\"JUSTIFY\"><span style=\"font-size: 14pt; font-family: georgia, palatino;\"><b>F. 330:<\/b> <i>Ich lebe in einem Gebiet, dessen Wirtschaft zu 90 % vom Anbau von Drogen \u2013 Haschisch \u2013 abh\u00e4ngig ist, und dieses ist ein gro\u00dfes Gebiet. Und Allah hat uns mit der Befolgung der Rechtsschule der Leute des Hauses (des Propheten) [ahl-ul-bayt] &#8211; a. &#8211; geehrt. Ist es dann f\u00fcr uns erlaubt, den Unterhalt und das Leben durch eine derartige Landwirtschaft zu bestreiten? Und sind die auf diesem Weg erhaltenen G\u00fcter erlaubt?<\/i><\/span><\/p>\n<p align=\"JUSTIFY\"><span style=\"font-size: 14pt; font-family: georgia, palatino;\">A: Falls es einen erlaubten relevanten Nutzen hat, wie (z.B.) der Nutzen daraus f\u00fcr die Herstellung von Medikamenten und die Heilung von Krankheiten erfolgt und dessen Anpflanzung nicht f\u00fcr das Ziel eines verbotenen Nutzens daraus ist, dann ist es (selbst) und die daraus erhaltenen G\u00fcter, aus deren Verkauf zul\u00e4ssig. Aber falls es f\u00fcr einen verbotenen Nutzen daraus ist, dann ist es verboten, diese (Pflanzen) anzubauen und daraus Unterhalt zu bestreiten, und die daraus erhaltenen G\u00fcter sind ebenfalls verboten.<\/span><\/p>\n<p align=\"JUSTIFY\"><span style=\"font-size: 14pt; font-family: georgia, palatino;\"><b>F. 331:<\/b> <i>Wie ist das Urteil zu Eigentum, von dem man wei\u00df, dass es als solches verboten ist, wie die G\u00fcter, die aus Handel mit Drogen erworben wurden? Gilt daf\u00fcr das Urteil der unbekannten Eigent\u00fcmer im Fall deren Eigent\u00fcmer nicht zu kennen? Und falls es so ist, ist dann deren Nutzung mit Erlaubnis des religionsrechtlich Regierenden [h.~ kim]<\/i> <i>oder seines allgemeinen Vertreters erlaubt?<\/i><\/span><\/p>\n<p align=\"JUSTIFY\"><span style=\"font-size: 14pt; font-family: georgia, palatino;\">A: Mit der Kenntnis \u00fcber das Verbot der G\u00fcter, die man erworben hat, ist man verpflichtet, diese seinem religionsrechtlichen Eigent\u00fcmer zur\u00fcckzuerstatten, falls man ihn kennt, selbst wenn es in einem begrenzten Ma\u00df ist. Ansonsten ist man verpflichtet, dieses f\u00fcr seine religionsrechtlichen Eigent\u00fcmer an die Armen zu spenden. Und falls das verbotene Eigentum mit seinem erlaubten Eigentum vermischt ist und man den (genauen) Betrag und dessen religionsrechtlichen Eigent\u00fcmer nicht kennt, dann ist man verpflichtet, Chums (die F\u00fcnftelabgabe) f\u00fcr dieses vermischte Eigentum zu entrichten und die Chums an seinen (religionsrechtlichen) Befehlshaber zu zahlen.<\/span><\/p>\n","protected":false},"excerpt":{"rendered":"<p>F. 319: Wie ist das Urteil zum Rauchen in staatlichen Beh\u00f6rden und allgemeinen Orten? A: Falls dieses (Rauchen) gegen die<\/p>\n","protected":false},"author":1,"featured_media":0,"parent":0,"menu_order":0,"comment_status":"closed","ping_status":"closed","template":"","meta":{"colormag_page_container_layout":"default_layout","colormag_page_sidebar_layout":"default_layout","footnotes":""},"class_list":["post-994","page","type-page","status-publish","hentry"],"_links":{"self":[{"href":"http:\/\/www.ahl-ul-bait.de\/imam-chamenei\/wp-json\/wp\/v2\/pages\/994","targetHints":{"allow":["GET"]}}],"collection":[{"href":"http:\/\/www.ahl-ul-bait.de\/imam-chamenei\/wp-json\/wp\/v2\/pages"}],"about":[{"href":"http:\/\/www.ahl-ul-bait.de\/imam-chamenei\/wp-json\/wp\/v2\/types\/page"}],"author":[{"embeddable":true,"href":"http:\/\/www.ahl-ul-bait.de\/imam-chamenei\/wp-json\/wp\/v2\/users\/1"}],"replies":[{"embeddable":true,"href":"http:\/\/www.ahl-ul-bait.de\/imam-chamenei\/wp-json\/wp\/v2\/comments?post=994"}],"version-history":[{"count":1,"href":"http:\/\/www.ahl-ul-bait.de\/imam-chamenei\/wp-json\/wp\/v2\/pages\/994\/revisions"}],"predecessor-version":[{"id":995,"href":"http:\/\/www.ahl-ul-bait.de\/imam-chamenei\/wp-json\/wp\/v2\/pages\/994\/revisions\/995"}],"wp:attachment":[{"href":"http:\/\/www.ahl-ul-bait.de\/imam-chamenei\/wp-json\/wp\/v2\/media?parent=994"}],"curies":[{"name":"wp","href":"https:\/\/api.w.org\/{rel}","templated":true}]}}